{"id":204975,"date":"2026-04-29T04:05:43","date_gmt":"2026-04-29T02:05:43","guid":{"rendered":"https:\/\/1stamerican.it\/catalogo\/unkategorisiert\/gruene-weste-aus-seidenkaschmir-mit-v-ausschnitt\/"},"modified":"2026-05-04T14:47:04","modified_gmt":"2026-05-04T12:47:04","slug":"gruene-weste-aus-seidenkaschmir-mit-v-ausschnitt","status":"publish","type":"product","link":"https:\/\/1stamerican.it\/de\/catalogo\/kaschmir-seide-herren\/weste-kaschmir-seide-herren\/gruene-weste-aus-seidenkaschmir-mit-v-ausschnitt\/","title":{"rendered":"Kaschmir seide V-ausschnitt weste \u00e4rmellos gr\u00fcn"},"content":{"rendered":"<p>Herrenweste aus Kaschmir und Seide mit V-Ausschnitt &#8211; \u00e4rmelloser Winterpullover mit V-Ausschnitt<\/p>\n","protected":false},"excerpt":{"rendered":"<p>Herrenweste aus Kaschmir und Seide mit V-Ausschnitt &#8211; \u00e4rmelloser Winterpullover mit V-Ausschnitt<\/p>\n","protected":false},"featured_media":213566,"template":"","meta":[],"product_brand":[],"product_cat":[2116],"product_tag":[2035,2038,2034],"class_list":{"0":"post-204975","1":"product","2":"type-product","3":"status-publish","4":"has-post-thumbnail","6":"product_cat-weste-kaschmir-seide-herren","7":"product_tag-45-kaschmir-55-seide","8":"product_tag-grun","9":"product_tag-kaschmir-und-seide","10":"pa_vestibilita-klassisch","12":"first","13":"instock","14":"sale","15":"purchasable","16":"product-type-variable"},"_links":{"self":[{"href":"https:\/\/1stamerican.it\/de\/wp-json\/wp\/v2\/product\/204975","targetHints":{"allow":["GET"]}}],"collection":[{"href":"https:\/\/1stamerican.it\/de\/wp-json\/wp\/v2\/product"}],"about":[{"href":"https:\/\/1stamerican.it\/de\/wp-json\/wp\/v2\/types\/product"}],"wp:featuredmedia":[{"embeddable":true,"href":"https:\/\/1stamerican.it\/de\/wp-json\/wp\/v2\/media\/213566"}],"wp:attachment":[{"href":"https:\/\/1stamerican.it\/de\/wp-json\/wp\/v2\/media?parent=204975"}],"wp:term":[{"taxonomy":"product_brand","embeddable":true,"href":"https:\/\/1stamerican.it\/de\/wp-json\/wp\/v2\/product_brand?post=204975"},{"taxonomy":"product_cat","embeddable":true,"href":"https:\/\/1stamerican.it\/de\/wp-json\/wp\/v2\/product_cat?post=204975"},{"taxonomy":"product_tag","embeddable":true,"href":"https:\/\/1stamerican.it\/de\/wp-json\/wp\/v2\/product_tag?post=204975"}],"curies":[{"name":"wp","href":"https:\/\/api.w.org\/{rel}","templated":true}]}}