{"id":204755,"date":"2026-04-29T01:56:11","date_gmt":"2026-04-28T23:56:11","guid":{"rendered":"https:\/\/1stamerican.it\/catalogo\/unkategorisiert\/kaschmir-seide-rundhalspullover-langarm-gruen\/"},"modified":"2026-05-04T17:16:52","modified_gmt":"2026-05-04T15:16:52","slug":"kaschmir-seide-rundhalspullover-langarm-gruen","status":"publish","type":"product","link":"https:\/\/1stamerican.it\/de\/catalogo\/kaschmir-seide-herren\/rundhals-pullover-kaschmir-seide-herren\/kaschmir-seide-rundhalspullover-langarm-gruen\/","title":{"rendered":"Kaschmir seide rundhalspullover mit langen \u00e4rmeln gr\u00fcn"},"content":{"rendered":"<p>Herrenpullover mit Rundhalsausschnitt aus Kaschmir und Seide mit langen \u00c4rmeln &#8211; 14 Gauge Winterpullover<\/p>\n","protected":false},"excerpt":{"rendered":"<p>Herrenpullover mit Rundhalsausschnitt aus Kaschmir und Seide mit langen \u00c4rmeln &#8211; 14 Gauge Winterpullover<\/p>\n","protected":false},"featured_media":213376,"template":"","meta":[],"product_brand":[],"product_cat":[2030,2154],"product_tag":[2035,2038,2034],"class_list":{"0":"post-204755","1":"product","2":"type-product","3":"status-publish","4":"has-post-thumbnail","6":"product_cat-kaschmir-seide-herren","7":"product_cat-rundhals-pullover-kaschmir-seide-herren","8":"product_tag-45-kaschmir-55-seide","9":"product_tag-grun","10":"product_tag-kaschmir-und-seide","11":"pa_vestibilita-klassisch","13":"first","14":"instock","15":"sale","16":"purchasable","17":"product-type-variable"},"_links":{"self":[{"href":"https:\/\/1stamerican.it\/de\/wp-json\/wp\/v2\/product\/204755","targetHints":{"allow":["GET"]}}],"collection":[{"href":"https:\/\/1stamerican.it\/de\/wp-json\/wp\/v2\/product"}],"about":[{"href":"https:\/\/1stamerican.it\/de\/wp-json\/wp\/v2\/types\/product"}],"wp:featuredmedia":[{"embeddable":true,"href":"https:\/\/1stamerican.it\/de\/wp-json\/wp\/v2\/media\/213376"}],"wp:attachment":[{"href":"https:\/\/1stamerican.it\/de\/wp-json\/wp\/v2\/media?parent=204755"}],"wp:term":[{"taxonomy":"product_brand","embeddable":true,"href":"https:\/\/1stamerican.it\/de\/wp-json\/wp\/v2\/product_brand?post=204755"},{"taxonomy":"product_cat","embeddable":true,"href":"https:\/\/1stamerican.it\/de\/wp-json\/wp\/v2\/product_cat?post=204755"},{"taxonomy":"product_tag","embeddable":true,"href":"https:\/\/1stamerican.it\/de\/wp-json\/wp\/v2\/product_tag?post=204755"}],"curies":[{"name":"wp","href":"https:\/\/api.w.org\/{rel}","templated":true}]}}