{"id":204701,"date":"2026-04-16T01:01:54","date_gmt":"2026-04-15T23:01:54","guid":{"rendered":"https:\/\/1stamerican.it\/catalogo\/unkategorisiert\/glatte-blaue-kappe-aus-100-reinem-kaschmir-fuer-herren\/"},"modified":"2026-04-10T16:23:24","modified_gmt":"2026-04-10T14:23:24","slug":"glatte-blaue-kappe-aus-100-reinem-kaschmir-fuer-herren","status":"publish","type":"product","link":"https:\/\/1stamerican.it\/de\/catalogo\/accessoires-herren\/kaschmir-hute-accessoires-herren\/glatte-blaue-kappe-aus-100-reinem-kaschmir-fuer-herren\/","title":{"rendered":"100% Kaschmir h\u00fct blaue"},"content":{"rendered":"<p>Glatte Herrenm\u00fctze aus 100 % reinem Kaschmir mit Ripp am Rand &#8211; Winterm\u00fctze 100 % Made in Italy &#8211; M\u00fctze aus reinem Kaschmir<\/p>\n","protected":false},"excerpt":{"rendered":"<p>Glatte Herrenm\u00fctze aus 100 % reinem Kaschmir mit Ripp am Rand &#8211; Winterm\u00fctze 100 % Made in Italy &#8211; M\u00fctze aus reinem Kaschmir<\/p>\n","protected":false},"featured_media":208699,"template":"","meta":[],"product_brand":[],"product_cat":[2026,2158],"product_tag":[2076,2070,2075],"class_list":{"0":"post-204701","1":"product","2":"type-product","3":"status-publish","4":"has-post-thumbnail","6":"product_cat-accessoires-herren","7":"product_cat-kaschmir-hute-accessoires-herren","8":"product_tag-100-kaschmir","9":"product_tag-blau","10":"product_tag-kaschmir","11":"pa_vestibilita-klassisch","13":"first","14":"instock","15":"purchasable","16":"product-type-variable"},"_links":{"self":[{"href":"https:\/\/1stamerican.it\/de\/wp-json\/wp\/v2\/product\/204701","targetHints":{"allow":["GET"]}}],"collection":[{"href":"https:\/\/1stamerican.it\/de\/wp-json\/wp\/v2\/product"}],"about":[{"href":"https:\/\/1stamerican.it\/de\/wp-json\/wp\/v2\/types\/product"}],"wp:featuredmedia":[{"embeddable":true,"href":"https:\/\/1stamerican.it\/de\/wp-json\/wp\/v2\/media\/208699"}],"wp:attachment":[{"href":"https:\/\/1stamerican.it\/de\/wp-json\/wp\/v2\/media?parent=204701"}],"wp:term":[{"taxonomy":"product_brand","embeddable":true,"href":"https:\/\/1stamerican.it\/de\/wp-json\/wp\/v2\/product_brand?post=204701"},{"taxonomy":"product_cat","embeddable":true,"href":"https:\/\/1stamerican.it\/de\/wp-json\/wp\/v2\/product_cat?post=204701"},{"taxonomy":"product_tag","embeddable":true,"href":"https:\/\/1stamerican.it\/de\/wp-json\/wp\/v2\/product_tag?post=204701"}],"curies":[{"name":"wp","href":"https:\/\/api.w.org\/{rel}","templated":true}]}}