{"id":204622,"date":"2026-04-29T00:44:26","date_gmt":"2026-04-28T22:44:26","guid":{"rendered":"https:\/\/1stamerican.it\/catalogo\/unkategorisiert\/kaschmir-seidenpullover-halber-kragen-mit-reissverschluss-lange-aermel-anthrazitgrau\/"},"modified":"2026-05-05T09:06:33","modified_gmt":"2026-05-05T07:06:33","slug":"kaschmir-seidenpullover-halber-kragen-mit-reissverschluss-lange-aermel-anthrazitgrau","status":"publish","type":"product","link":"https:\/\/1stamerican.it\/de\/catalogo\/kaschmir-seide-herren\/halbkragen-pullover-mit-reisverschluss-kaschmir-seide-herren\/kaschmir-seidenpullover-halber-kragen-mit-reissverschluss-lange-aermel-anthrazitgrau\/","title":{"rendered":"Kaschmir-Seidenpullover halber Kragen mit Rei\u00dfverschluss lange \u00c4rmel anthrazitgrau"},"content":{"rendered":"<p>Herrenpullover aus Kaschmir und Seide mit halbem Ausschnitt und langen \u00c4rmeln &#8211; Winter Pullover mit halbem Rei\u00dfverschluss<\/p>\n","protected":false},"excerpt":{"rendered":"<p>Herrenpullover aus Kaschmir und Seide mit halbem Ausschnitt und langen \u00c4rmeln &#8211; Winter Pullover mit halbem Rei\u00dfverschluss<\/p>\n","protected":false},"featured_media":204626,"template":"","meta":[],"product_brand":[],"product_cat":[2151,2030],"product_tag":[2035,2036,2034],"class_list":{"0":"post-204622","1":"product","2":"type-product","3":"status-publish","4":"has-post-thumbnail","6":"product_cat-halbkragen-pullover-mit-reisverschluss-kaschmir-seide-herren","7":"product_cat-kaschmir-seide-herren","8":"product_tag-45-kaschmir-55-seide","9":"product_tag-anthrazit","10":"product_tag-kaschmir-und-seide","11":"pa_vestibilita-klassisch","13":"first","14":"instock","15":"sale","16":"purchasable","17":"product-type-variable"},"_links":{"self":[{"href":"https:\/\/1stamerican.it\/de\/wp-json\/wp\/v2\/product\/204622","targetHints":{"allow":["GET"]}}],"collection":[{"href":"https:\/\/1stamerican.it\/de\/wp-json\/wp\/v2\/product"}],"about":[{"href":"https:\/\/1stamerican.it\/de\/wp-json\/wp\/v2\/types\/product"}],"wp:featuredmedia":[{"embeddable":true,"href":"https:\/\/1stamerican.it\/de\/wp-json\/wp\/v2\/media\/204626"}],"wp:attachment":[{"href":"https:\/\/1stamerican.it\/de\/wp-json\/wp\/v2\/media?parent=204622"}],"wp:term":[{"taxonomy":"product_brand","embeddable":true,"href":"https:\/\/1stamerican.it\/de\/wp-json\/wp\/v2\/product_brand?post=204622"},{"taxonomy":"product_cat","embeddable":true,"href":"https:\/\/1stamerican.it\/de\/wp-json\/wp\/v2\/product_cat?post=204622"},{"taxonomy":"product_tag","embeddable":true,"href":"https:\/\/1stamerican.it\/de\/wp-json\/wp\/v2\/product_tag?post=204622"}],"curies":[{"name":"wp","href":"https:\/\/api.w.org\/{rel}","templated":true}]}}