{"id":204330,"date":"2026-04-29T04:12:55","date_gmt":"2026-04-29T02:12:55","guid":{"rendered":"https:\/\/1stamerican.it\/catalogo\/unkategorisiert\/cardigan-aus-100-kaschmir-mit-durchgehendem-reissverschluss-lange-aermel-avio\/"},"modified":"2026-05-04T14:46:14","modified_gmt":"2026-05-04T12:46:14","slug":"cardigan-aus-100-kaschmir-mit-durchgehendem-reissverschluss-lange-aermel-avio","status":"publish","type":"product","link":"https:\/\/1stamerican.it\/de\/catalogo\/100-kaschmir-herren\/cardigan-100-kaschmir-herren\/cardigan-aus-100-kaschmir-mit-durchgehendem-reissverschluss-lange-aermel-avio\/","title":{"rendered":"100% Kaschmir strickjacke mit rei\u00dfverschluss elblau"},"content":{"rendered":"<p>Herren-Cardigan aus 100 % Kaschmir mit langen \u00c4rmeln und Rei\u00dfverschluss &#8211; Pullover aus reinem Kaschmir mit durchgehendem Rei\u00dfverschluss Made in Italy<\/p>\n","protected":false},"excerpt":{"rendered":"<p>Herren-Cardigan aus 100 % Kaschmir mit langen \u00c4rmeln und Rei\u00dfverschluss &#8211; Pullover aus reinem Kaschmir mit durchgehendem Rei\u00dfverschluss Made in Italy<\/p>\n","protected":false},"featured_media":204349,"template":"","meta":[],"product_brand":[],"product_cat":[2073,2074],"product_tag":[2076,2078,2075],"class_list":{"0":"post-204330","1":"product","2":"type-product","3":"status-publish","4":"has-post-thumbnail","6":"product_cat-100-kaschmir-herren","7":"product_cat-cardigan-100-kaschmir-herren","8":"product_tag-100-kaschmir","9":"product_tag-avio","10":"product_tag-kaschmir","11":"pa_vestibilita-klassisch","13":"first","14":"instock","15":"sale","16":"purchasable","17":"product-type-variable"},"_links":{"self":[{"href":"https:\/\/1stamerican.it\/de\/wp-json\/wp\/v2\/product\/204330","targetHints":{"allow":["GET"]}}],"collection":[{"href":"https:\/\/1stamerican.it\/de\/wp-json\/wp\/v2\/product"}],"about":[{"href":"https:\/\/1stamerican.it\/de\/wp-json\/wp\/v2\/types\/product"}],"wp:featuredmedia":[{"embeddable":true,"href":"https:\/\/1stamerican.it\/de\/wp-json\/wp\/v2\/media\/204349"}],"wp:attachment":[{"href":"https:\/\/1stamerican.it\/de\/wp-json\/wp\/v2\/media?parent=204330"}],"wp:term":[{"taxonomy":"product_brand","embeddable":true,"href":"https:\/\/1stamerican.it\/de\/wp-json\/wp\/v2\/product_brand?post=204330"},{"taxonomy":"product_cat","embeddable":true,"href":"https:\/\/1stamerican.it\/de\/wp-json\/wp\/v2\/product_cat?post=204330"},{"taxonomy":"product_tag","embeddable":true,"href":"https:\/\/1stamerican.it\/de\/wp-json\/wp\/v2\/product_tag?post=204330"}],"curies":[{"name":"wp","href":"https:\/\/api.w.org\/{rel}","templated":true}]}}