{"id":204265,"date":"2026-04-29T03:44:37","date_gmt":"2026-04-29T01:44:37","guid":{"rendered":"https:\/\/1stamerican.it\/catalogo\/unkategorisiert\/halbkragenpullover-mit-reissverschluss-100-kaschmir-langarm-grau\/"},"modified":"2026-05-04T14:50:55","modified_gmt":"2026-05-04T12:50:55","slug":"halbkragenpullover-mit-reissverschluss-100-kaschmir-langarm-grau","status":"publish","type":"product","link":"https:\/\/1stamerican.it\/de\/catalogo\/100-kaschmir-herren\/halbkragen-pullover-mit-reisverschluss-100-kaschmir-herren\/halbkragenpullover-mit-reissverschluss-100-kaschmir-langarm-grau\/","title":{"rendered":"100% kaschmir pullover mit halbem ausschnitt grau mit rei\u00dfverschluss"},"content":{"rendered":"<p>Herrenpullover aus 100 % Kaschmir mit halbem Ausschnitt und Rei\u00dfverschluss &#8211; lang\u00e4rmeliger Pullover mit halbem Rei\u00dfverschluss aus reinem Kaschmir Made in Italy<\/p>\n","protected":false},"excerpt":{"rendered":"<p>Herrenpullover aus 100 % Kaschmir mit halbem Ausschnitt und Rei\u00dfverschluss &#8211; lang\u00e4rmeliger Pullover mit halbem Rei\u00dfverschluss aus reinem Kaschmir Made in Italy<\/p>\n","protected":false},"featured_media":204272,"template":"","meta":[],"product_brand":[],"product_cat":[2073,2098],"product_tag":[2076,2099,2075],"class_list":{"0":"post-204265","1":"product","2":"type-product","3":"status-publish","4":"has-post-thumbnail","6":"product_cat-100-kaschmir-herren","7":"product_cat-halbkragen-pullover-mit-reisverschluss-100-kaschmir-herren","8":"product_tag-100-kaschmir","9":"product_tag-grau","10":"product_tag-kaschmir","11":"pa_vestibilita-klassisch","13":"first","14":"instock","15":"sale","16":"purchasable","17":"product-type-variable"},"_links":{"self":[{"href":"https:\/\/1stamerican.it\/de\/wp-json\/wp\/v2\/product\/204265","targetHints":{"allow":["GET"]}}],"collection":[{"href":"https:\/\/1stamerican.it\/de\/wp-json\/wp\/v2\/product"}],"about":[{"href":"https:\/\/1stamerican.it\/de\/wp-json\/wp\/v2\/types\/product"}],"wp:featuredmedia":[{"embeddable":true,"href":"https:\/\/1stamerican.it\/de\/wp-json\/wp\/v2\/media\/204272"}],"wp:attachment":[{"href":"https:\/\/1stamerican.it\/de\/wp-json\/wp\/v2\/media?parent=204265"}],"wp:term":[{"taxonomy":"product_brand","embeddable":true,"href":"https:\/\/1stamerican.it\/de\/wp-json\/wp\/v2\/product_brand?post=204265"},{"taxonomy":"product_cat","embeddable":true,"href":"https:\/\/1stamerican.it\/de\/wp-json\/wp\/v2\/product_cat?post=204265"},{"taxonomy":"product_tag","embeddable":true,"href":"https:\/\/1stamerican.it\/de\/wp-json\/wp\/v2\/product_tag?post=204265"}],"curies":[{"name":"wp","href":"https:\/\/api.w.org\/{rel}","templated":true}]}}