{"id":204211,"date":"2026-04-29T02:52:02","date_gmt":"2026-04-29T00:52:02","guid":{"rendered":"https:\/\/1stamerican.it\/catalogo\/unkategorisiert\/herren-sweatshirt-aus-kaschmirwolle-mit-durchgehendem-reissverschluss-und-kapuze-navy\/"},"modified":"2026-05-04T15:25:19","modified_gmt":"2026-05-04T13:25:19","slug":"herren-sweatshirt-aus-kaschmirwolle-mit-durchgehendem-reissverschluss-und-kapuze-navy","status":"publish","type":"product","link":"https:\/\/1stamerican.it\/de\/catalogo\/kaschmir-wolle-herren\/cardigan-kaschmir-wolle-herren\/herren-sweatshirt-aus-kaschmirwolle-mit-durchgehendem-reissverschluss-und-kapuze-navy\/","title":{"rendered":"Kaschmir wolle hoodie mit rei\u00dfverschluss blau navy"},"content":{"rendered":"<p>Herren Kaschmirwolle Kapuzensweatshirt mit durchgehendem Rei\u00dfverschluss &#8211; lang\u00e4rmeliger Winterpullover &#8211; Cardigan mit durchgehendem Rei\u00dfverschluss aus Kaschmir und Wolle<\/p>\n","protected":false},"excerpt":{"rendered":"<p>Herren Kaschmirwolle Kapuzensweatshirt mit durchgehendem Rei\u00dfverschluss &#8211; lang\u00e4rmeliger Winterpullover &#8211; Cardigan mit durchgehendem Rei\u00dfverschluss aus Kaschmir und Wolle<\/p>\n","protected":false},"featured_media":213538,"template":"","meta":[],"product_brand":[],"product_cat":[2063,2049],"product_tag":[2064,2031,2040],"class_list":{"0":"post-204211","1":"product","2":"type-product","3":"status-publish","4":"has-post-thumbnail","6":"product_cat-cardigan-kaschmir-wolle-herren","7":"product_cat-kaschmir-wolle-herren","8":"product_tag-90-kaschmir-10-wolle","9":"product_tag-kaschmir-und-wolle","10":"product_tag-kriegsmarine","11":"pa_vestibilita-klassisch","13":"first","14":"instock","15":"sale","16":"purchasable","17":"product-type-variable"},"_links":{"self":[{"href":"https:\/\/1stamerican.it\/de\/wp-json\/wp\/v2\/product\/204211","targetHints":{"allow":["GET"]}}],"collection":[{"href":"https:\/\/1stamerican.it\/de\/wp-json\/wp\/v2\/product"}],"about":[{"href":"https:\/\/1stamerican.it\/de\/wp-json\/wp\/v2\/types\/product"}],"wp:featuredmedia":[{"embeddable":true,"href":"https:\/\/1stamerican.it\/de\/wp-json\/wp\/v2\/media\/213538"}],"wp:attachment":[{"href":"https:\/\/1stamerican.it\/de\/wp-json\/wp\/v2\/media?parent=204211"}],"wp:term":[{"taxonomy":"product_brand","embeddable":true,"href":"https:\/\/1stamerican.it\/de\/wp-json\/wp\/v2\/product_brand?post=204211"},{"taxonomy":"product_cat","embeddable":true,"href":"https:\/\/1stamerican.it\/de\/wp-json\/wp\/v2\/product_cat?post=204211"},{"taxonomy":"product_tag","embeddable":true,"href":"https:\/\/1stamerican.it\/de\/wp-json\/wp\/v2\/product_tag?post=204211"}],"curies":[{"name":"wp","href":"https:\/\/api.w.org\/{rel}","templated":true}]}}