{"id":204024,"date":"2019-02-11T15:14:22","date_gmt":"2019-02-11T14:14:22","guid":{"rendered":"https:\/\/1stamerican.it\/abdruck\/"},"modified":"2026-03-04T12:11:59","modified_gmt":"2026-03-04T11:11:59","slug":"impressum","status":"publish","type":"page","link":"https:\/\/1stamerican.it\/de\/impressum\/","title":{"rendered":"Impressum"},"content":{"rendered":"\n\n\t<section class=\"section hide-for-medium\" id=\"section_1863597316\">\n\t\t<div class=\"section-bg fill\" >\n\t\t\t\t\t\t\t\t\t\n\t\t\t\n\n\t\t<\/div>\n\n\t\t\n\n\t\t<div class=\"section-content relative\">\n\t\t\t\n\n<div class=\"row row-large\"  id=\"row-1306876861\">\n\n\n\t<div id=\"col-620205670\" class=\"col small-12 large-12\"  >\n\t\t\t\t<div class=\"col-inner\"  >\n\t\t\t\n\t\t\t\n\n<h1 class=\"text-h2 md:text-h2-md lg:text-&#091;2rem&#093; 2xl:text-h2-2xl leading-&#091;120%&#093; font-normal text-graphite\"><strong>Impressum<\/strong><\/h1>\n<p> <\/p>\n<div class=\"text-h5 md:text-&#091;2.344vw&#093; md:text-h5-md lg:text-h5-lg 2xl:text-h5-2xl leading-&#091;120%&#093; font-normal text-graphite\">\n<div><strong>Verantwortlich f\u00fcr den Inhalt<\/strong><\/div>\n<div> <\/div>\n<div>1stAmerican Cashmere Milano &#8211; Fashion Energy Srl<\/div>\n<div>B\u00fcro- und Logistikzentrum<\/div>\n<div>Via Achille Zezon 4<\/div>\n<div>20124 Milano<\/div>\n<div>Italien<\/div>\n<div>Tel: <strong><a href=\"https:\/\/www.google.com\/search?q=1stamerican&amp;rlz=1C1YTUH_itIT1041IT1041&amp;oq=1stamerican&amp;gs_lcrp=EgZjaHJvbWUqDwgAECMYJxjjAhiABBiKBTIPCAAQIxgnGOMCGIAEGIoFMhUIARAuGCcYrwEYxwEYgAQYigUYjgUyBggCEEUYOzIGCAMQRRg8MgYIBBBFGEEyBggFEEUYPDIGCAYQRRhBMgYIBxBFGD3SAQgyNDQ1ajBqN6gCALACAA&amp;sourceid=chrome&amp;ie=UTF-8#\" rel=\"nofollow noopener\" target=\"_blank\">+39 02 6671 0320<\/a><\/strong><\/div>\n<div>E-Mail: <a href=\"mailto:shop@1stamerican.it\"><strong>shop@1stamerican.it<\/strong><\/a> &#8211; <strong><a href=\"mailto:1stamerican@fashionenergy.it\">1stamerican@fashionenergy.it<\/a><\/strong><\/div>\n<div> <\/div>\n<div><strong>Hauptgesch\u00e4fts\u00fchrer:<\/strong> Generoso Tedeschi<\/div>\n<div>Eingetragen bei der Handelskammer Mailand<\/div>\n<div>20124 MI (Italien)<\/div>\n<div>UMSATZSTEUER-IDENTIFIKATIONSNUMMER: IT-07843800967<\/div>\n<div>Datum: 14.05.2012<\/div>\n<div> <\/div>\n<div><strong>Absender:<\/strong><\/div>\n<div>c\/o Fashion Energy Srl<\/div>\n<div>Via Achille Zezon 4<\/div>\n<div>20124 Milano (MI)<\/div>\n<div>Italien<\/div>\n<div> <\/div>\n<div><strong>Rechtliche Hinweise<\/strong><\/div>\n<div>Die Europ\u00e4ische Kommission bietet die M\u00f6glichkeit, Streitigkeiten online \u00fcber eine von der Europ\u00e4ischen Kommission verwaltete Online-Plattform beizulegen.<\/div>\n<div>Diese Plattform kann \u00fcber den <strong><a href=\"http:\/\/ec.europa.eu\/consumers\/odr\/\" rel=\"nofollow noopener\" target=\"_blank\">externen Link http:\/\/ec.europa.eu\/consumers\/odr\/<\/a> aufgerufen werden.<\/strong><\/div>\n<\/div>\n\n\t\t<\/div>\n\t\t\t\t\t<\/div>\n\n\t\n\n<\/div>\n\n\t\t<\/div>\n\n\t\t\n<style>\n#section_1863597316 {\n  padding-top: 30px;\n  padding-bottom: 30px;\n}\n<\/style>\n\t<\/section>\n\t\n\n\t<section class=\"section show-for-medium hide-for-small\" id=\"section_2051412647\">\n\t\t<div class=\"section-bg fill\" >\n\t\t\t\t\t\t\t\t\t\n\t\t\t\n\n\t\t<\/div>\n\n\t\t\n\n\t\t<div class=\"section-content relative\">\n\t\t\t\n\n<div class=\"row row-large\"  id=\"row-1438255096\">\n\n\n\t<div id=\"col-1470716763\" class=\"col small-12 large-12\"  >\n\t\t\t\t<div class=\"col-inner\"  >\n\t\t\t\n\t\t\t\n\n<h1 class=\"text-h2 md:text-h2-md lg:text-&#091;2rem&#093; 2xl:text-h2-2xl leading-&#091;120%&#093; font-normal text-graphite\"><strong>Impressum<\/strong><\/h1>\n<p> <\/p>\n<div class=\"text-h5 md:text-&#091;2.344vw&#093; md:text-h5-md lg:text-h5-lg 2xl:text-h5-2xl leading-&#091;120%&#093; font-normal text-graphite\">\n<div><strong>Verantwortlich f\u00fcr den Inhalt<\/strong><\/div>\n<div> <\/div>\n<div>1stAmerican Cashmere Milano &#8211; Fashion Energy Srl<\/div>\n<div>B\u00fcro- und Logistikzentrum<\/div>\n<div>Via Achille Zezon 4<\/div>\n<div>20124 Milano<\/div>\n<div>Italien<\/div>\n<div>Tel: <strong><a href=\"https:\/\/www.google.com\/search?q=1stamerican&amp;rlz=1C1YTUH_itIT1041IT1041&amp;oq=1stamerican&amp;gs_lcrp=EgZjaHJvbWUqDwgAECMYJxjjAhiABBiKBTIPCAAQIxgnGOMCGIAEGIoFMhUIARAuGCcYrwEYxwEYgAQYigUYjgUyBggCEEUYOzIGCAMQRRg8MgYIBBBFGEEyBggFEEUYPDIGCAYQRRhBMgYIBxBFGD3SAQgyNDQ1ajBqN6gCALACAA&amp;sourceid=chrome&amp;ie=UTF-8#\" rel=\"nofollow noopener\" target=\"_blank\">+39 02 6671 0320<\/a><\/strong><\/div>\n<div>E-Mail: <a href=\"mailto:shop@1stamerican.it\"><strong>shop@1stamerican.it<\/strong><\/a> &#8211; <strong><a href=\"mailto:1stamerican@fashionenergy.it\">1stamerican@fashionenergy.it<\/a><\/strong><\/div>\n<div> <\/div>\n<div><strong>Hauptgesch\u00e4fts\u00fchrer:<\/strong> Generoso Tedeschi<\/div>\n<div>Eingetragen bei der Handelskammer Mailand<\/div>\n<div>20124 MI (Italien)<\/div>\n<div>UMSATZSTEUER-IDENTIFIKATIONSNUMMER: IT-07843800967<\/div>\n<div>Datum: 14.05.2012<\/div>\n<div> <\/div>\n<div><strong>Absender:<\/strong><\/div>\n<div>c\/o Fashion Energy Srl<\/div>\n<div>Via Achille Zezon 4<\/div>\n<div>20124 Milano (MI)<\/div>\n<div>Italien<\/div>\n<div> <\/div>\n<div><strong>Rechtliche Hinweise<\/strong><\/div>\n<div>Die Europ\u00e4ische Kommission bietet die M\u00f6glichkeit, Streitigkeiten online \u00fcber eine von der Europ\u00e4ischen Kommission verwaltete Online-Plattform beizulegen.<\/div>\n<div>Diese Plattform kann \u00fcber den <strong><a href=\"http:\/\/ec.europa.eu\/consumers\/odr\/\" rel=\"nofollow noopener\" target=\"_blank\">externen Link http:\/\/ec.europa.eu\/consumers\/odr\/<\/a> aufgerufen werden.<\/strong><\/div>\n<\/div>\n\n\t\t<\/div>\n\t\t\t\t\t<\/div>\n\n\t\n\n<\/div>\n\n\t\t<\/div>\n\n\t\t\n<style>\n#section_2051412647 {\n  padding-top: 30px;\n  padding-bottom: 30px;\n}\n<\/style>\n\t<\/section>\n\t\n\n\t<section class=\"section show-for-small\" id=\"section_2096066689\">\n\t\t<div class=\"section-bg fill\" >\n\t\t\t\t\t\t\t\t\t\n\t\t\t\n\n\t\t<\/div>\n\n\t\t\n\n\t\t<div class=\"section-content relative\">\n\t\t\t\n\n<div class=\"row row-large\"  id=\"row-694649166\">\n\n\n\t<div id=\"col-913300869\" class=\"col small-12 large-12\"  >\n\t\t\t\t<div class=\"col-inner\"  >\n\t\t\t\n\t\t\t\n\n<h1 class=\"text-h2 md:text-h2-md lg:text-&#091;2rem&#093; 2xl:text-h2-2xl leading-&#091;120%&#093; font-normal text-graphite\"><strong>Impressum<\/strong><\/h1>\n<p> <\/p>\n<div class=\"text-h5 md:text-&#091;2.344vw&#093; md:text-h5-md lg:text-h5-lg 2xl:text-h5-2xl leading-&#091;120%&#093; font-normal text-graphite\">\n<div><strong>Verantwortlich f\u00fcr den Inhalt<\/strong><\/div>\n<div> <\/div>\n<div>1stAmerican Cashmere Milano &#8211; Fashion Energy Srl<\/div>\n<div>B\u00fcro- und Logistikzentrum<\/div>\n<div>Via Achille Zezon 4<\/div>\n<div>20124 Milano<\/div>\n<div>Italien<\/div>\n<div>Tel: <strong><a href=\"https:\/\/www.google.com\/search?q=1stamerican&amp;rlz=1C1YTUH_itIT1041IT1041&amp;oq=1stamerican&amp;gs_lcrp=EgZjaHJvbWUqDwgAECMYJxjjAhiABBiKBTIPCAAQIxgnGOMCGIAEGIoFMhUIARAuGCcYrwEYxwEYgAQYigUYjgUyBggCEEUYOzIGCAMQRRg8MgYIBBBFGEEyBggFEEUYPDIGCAYQRRhBMgYIBxBFGD3SAQgyNDQ1ajBqN6gCALACAA&amp;sourceid=chrome&amp;ie=UTF-8#\" rel=\"nofollow noopener\" target=\"_blank\">+39 02 6671 0320<\/a><\/strong><\/div>\n<div>E-Mail: <a href=\"mailto:shop@1stamerican.it\"><strong>shop@1stamerican.it<\/strong><\/a> &#8211; <strong><a href=\"mailto:1stamerican@fashionenergy.it\">1stamerican@fashionenergy.it<\/a><\/strong><\/div>\n<div> <\/div>\n<div><strong>Hauptgesch\u00e4fts\u00fchrer:<\/strong> Generoso Tedeschi<\/div>\n<div>Eingetragen bei der Handelskammer Mailand<\/div>\n<div>20124 MI (Italien)<\/div>\n<div>UMSATZSTEUER-IDENTIFIKATIONSNUMMER: IT-07843800967<\/div>\n<div>Datum: 14.05.2012<\/div>\n<div> <\/div>\n<div><strong>Absender:<\/strong><\/div>\n<div>c\/o Fashion Energy Srl<\/div>\n<div>Via Achille Zezon 4<\/div>\n<div>20124 Milano (MI)<\/div>\n<div>Italien<\/div>\n<div> <\/div>\n<div><strong>Rechtliche Hinweise<\/strong><\/div>\n<div>Die Europ\u00e4ische Kommission bietet die M\u00f6glichkeit, Streitigkeiten online \u00fcber eine von der Europ\u00e4ischen Kommission verwaltete Online-Plattform beizulegen.<\/div>\n<div>Diese Plattform kann \u00fcber den <strong><a href=\"http:\/\/ec.europa.eu\/consumers\/odr\/\" rel=\"nofollow noopener\" target=\"_blank\">externen Link http:\/\/ec.europa.eu\/consumers\/odr\/<\/a> aufgerufen werden.<\/strong><\/div>\n<\/div>\n\n\t\t<\/div>\n\t\t\t\t\t<\/div>\n\n\t\n\n<\/div>\n\n\t\t<\/div>\n\n\t\t\n<style>\n#section_2096066689 {\n  padding-top: 30px;\n  padding-bottom: 30px;\n}\n<\/style>\n\t<\/section>\n\t\n\n","protected":false},"excerpt":{"rendered":"","protected":false},"author":112,"featured_media":0,"parent":0,"menu_order":0,"comment_status":"closed","ping_status":"open","template":"","meta":{"footnotes":""},"class_list":["post-204024","page","type-page","status-publish","hentry"],"_links":{"self":[{"href":"https:\/\/1stamerican.it\/de\/wp-json\/wp\/v2\/pages\/204024","targetHints":{"allow":["GET"]}}],"collection":[{"href":"https:\/\/1stamerican.it\/de\/wp-json\/wp\/v2\/pages"}],"about":[{"href":"https:\/\/1stamerican.it\/de\/wp-json\/wp\/v2\/types\/page"}],"author":[{"embeddable":true,"href":"https:\/\/1stamerican.it\/de\/wp-json\/wp\/v2\/users\/112"}],"replies":[{"embeddable":true,"href":"https:\/\/1stamerican.it\/de\/wp-json\/wp\/v2\/comments?post=204024"}],"version-history":[{"count":14,"href":"https:\/\/1stamerican.it\/de\/wp-json\/wp\/v2\/pages\/204024\/revisions"}],"predecessor-version":[{"id":214672,"href":"https:\/\/1stamerican.it\/de\/wp-json\/wp\/v2\/pages\/204024\/revisions\/214672"}],"wp:attachment":[{"href":"https:\/\/1stamerican.it\/de\/wp-json\/wp\/v2\/media?parent=204024"}],"curies":[{"name":"wp","href":"https:\/\/api.w.org\/{rel}","templated":true}]}}