{"id":204013,"date":"2019-02-15T19:34:29","date_gmt":"2019-02-15T18:34:29","guid":{"rendered":"https:\/\/1stamerican.it\/ueber-uns\/"},"modified":"2026-02-26T17:03:15","modified_gmt":"2026-02-26T16:03:15","slug":"ueber-uns","status":"publish","type":"page","link":"https:\/\/1stamerican.it\/de\/ueber-uns\/","title":{"rendered":"Unsere Geschichte"},"content":{"rendered":"\n\n\t<section class=\"section hide-for-medium\" id=\"section_1543639832\">\n\t\t<div class=\"section-bg fill\" >\n\t\t\t\t\t\t\t\t\t\n\t\t\t\n\n\t\t<\/div>\n\n\t\t\n\n\t\t<div class=\"section-content relative\">\n\t\t\t\n\n<div class=\"row\"  id=\"row-312968448\">\n\n\n\t<div id=\"col-1466518436\" class=\"col small-12 large-12\"  >\n\t\t\t\t<div class=\"col-inner\"  >\n\t\t\t\n\t\t\t\n\n<h1 style=\"text-align: center;\"><span style=\"font-size: 130%;\">Unsere Geschichte<\/span><\/h1>\n\n\t\t<\/div>\n\t\t\t\t\t<\/div>\n\n\t\n\n<\/div>\n<div class=\"row\"  id=\"row-94518112\">\n\n\n\t<div id=\"col-30183267\" class=\"col medium-6 small-12 large-6\"  >\n\t\t\t\t<div class=\"col-inner\"  >\n\t\t\t\n\t\t\t\n\n\t<div class=\"img has-hover x md-x lg-x y md-y lg-y\" id=\"image_1677032489\">\n\t\t\t\t\t\t\t\t<div class=\"img-inner dark\" >\n\t\t\t<img loading=\"lazy\" decoding=\"async\" width=\"1020\" height=\"680\" src=\"https:\/\/1stamerican.it\/wp-content\/uploads\/2025\/11\/Chi_Samo_Gio-1.png\" class=\"attachment-large size-large\" alt=\"\" srcset=\"https:\/\/1stamerican.it\/wp-content\/uploads\/2025\/11\/Chi_Samo_Gio-1.png 1248w, https:\/\/1stamerican.it\/wp-content\/uploads\/2025\/11\/Chi_Samo_Gio-1-900x600.png 900w, https:\/\/1stamerican.it\/wp-content\/uploads\/2025\/11\/Chi_Samo_Gio-1-420x280.png 420w, https:\/\/1stamerican.it\/wp-content\/uploads\/2025\/11\/Chi_Samo_Gio-1-768x512.png 768w, https:\/\/1stamerican.it\/wp-content\/uploads\/2025\/11\/Chi_Samo_Gio-1-600x400.png 600w\" sizes=\"auto, (max-width: 1020px) 100vw, 1020px\" title=\"\">\t\t\t\t\t\t\n\t\t\t\t\t<\/div>\n\t\t\t\t\t\t\t\t\n<style>\n#image_1677032489 {\n  width: 100%;\n}\n<\/style>\n\t<\/div>\n\t\n\n\n\t\t<\/div>\n\t\t\t\t\t<\/div>\n\n\t\n\n\t<div id=\"col-670337192\" class=\"col medium-6 small-12 large-6\"  >\n\t\t\t\t<div class=\"col-inner\"  >\n\t\t\t\n\t\t\t\n\n\t<div id=\"gap-1994258781\" class=\"gap-element clearfix\" style=\"display:block; height:auto;\">\n\t\t\n<style>\n#gap-1994258781 {\n  padding-top: 100px;\n}\n<\/style>\n\t<\/div>\n\t\n\n<p style=\"text-align: left;\">1stAmerican erinnert an die USA, aber wir sind Italiener. Der Gr\u00fcnder Gi\u00f2 Tedeschi war der erste seiner Familie, der in den 90er Jahren in New York im Kaschmirsektor arbeitete.<\/p>\n<p style=\"text-align: left;\">Zur\u00fcck in Milano begann er 2008, mit verschiedenen Marken zusammenzuarbeiten, und begann dann mit der Produktion in Italien mit 1stAmerican Cashmere, sodass alles aus dem Wunsch nach dem Komfort und der Weichheit dieses s\u00fc\u00dfen und raffinierten Garns und einer R\u00fcckkehr ins Herkunftsland mit einer sehr angels\u00e4chsischen Vision entstand, Qualit\u00e4t zu einem fairen Preis herzustellen.<\/p>\n\n\t\t<\/div>\n\t\t\t\t\t<\/div>\n\n\t\n\n<\/div>\n<div class=\"row\"  id=\"row-576754025\">\n\n\n\t<div id=\"col-844914325\" class=\"col medium-6 small-12 large-6\"  >\n\t\t\t\t<div class=\"col-inner\"  >\n\t\t\t\n\t\t\t\n\n\t<div id=\"gap-492503264\" class=\"gap-element clearfix\" style=\"display:block; height:auto;\">\n\t\t\n<style>\n#gap-492503264 {\n  padding-top: 100px;\n}\n<\/style>\n\t<\/div>\n\t\n\n<p>Gi\u00f2 Tedeschi, Gr\u00fcnder und Art Director, erweckt die Marke 1stAmerican aus 100 % Kaschmir zum Leben und bietet dem europ\u00e4ischen Publikum ein zeitloses Kollektionsangebot, das sich perfekt f\u00fcr die Interpretation der Bed\u00fcrfnisse des Alltags eignet. Strickwaren f\u00fcr Herren und Damen, die aus feinen Garnen wie Kaschmir und Seide hergestellt werden, k\u00f6nnen sowohl zur Teilnahme an Freizeitaktivit\u00e4ten als auch perfekt f\u00fcr Arbeitstage getragen werden. Gro\u00dfes Augenmerk wird auf Qualit\u00e4t und schneiderische oder handwerkliche Produktion gelegt.<\/p>\n<p>1stAmerican stellt die \u00f6kologische Nachhaltigkeit seiner Kleidungsst\u00fccke an erste Stelle, wir sind eine Marke, die auf den Umweltschutz achtet und diesen respektiert. \u00d6kologische Nachhaltigkeit, die die Grundlage f\u00fcr die Geburt der Linie aus 100 % Leinen bildet, die sich im Rhythmus der Jahreszeiten mit 100 % Kaschmir abwechselt, und das Recycling von Fasern sind die Besonderheiten, die immer im Mittelpunkt stehen, zusammen mit der Aufwertung der Handwerkskunst.<\/p>\n<p>Die neue Linie von Kleidungsst\u00fccken aus 100 % Seide legt den Fokus auf die Naturfasern, die in jeder Kreation verwendet werden.<\/p>\n\n\t\t<\/div>\n\t\t\t\t\t<\/div>\n\n\t\n\n\t<div id=\"col-302996222\" class=\"col medium-6 small-12 large-6\"  >\n\t\t\t\t<div class=\"col-inner\"  >\n\t\t\t\n\t\t\t\n\n\t<div class=\"img has-hover x md-x lg-x y md-y lg-y\" id=\"image_568574481\">\n\t\t\t\t\t\t\t\t<div class=\"img-inner dark\" >\n\t\t\t<img loading=\"lazy\" decoding=\"async\" width=\"1020\" height=\"574\" src=\"https:\/\/1stamerican.it\/wp-content\/uploads\/2025\/11\/DSCF8978-2100x1182.jpg\" class=\"attachment-large size-large\" alt=\"\" srcset=\"https:\/\/1stamerican.it\/wp-content\/uploads\/2025\/11\/DSCF8978-2100x1182.jpg 2100w, https:\/\/1stamerican.it\/wp-content\/uploads\/2025\/11\/DSCF8978-1066x600.jpg 1066w, https:\/\/1stamerican.it\/wp-content\/uploads\/2025\/11\/DSCF8978-420x236.jpg 420w, https:\/\/1stamerican.it\/wp-content\/uploads\/2025\/11\/DSCF8978-768x432.jpg 768w, https:\/\/1stamerican.it\/wp-content\/uploads\/2025\/11\/DSCF8978-1536x864.jpg 1536w, https:\/\/1stamerican.it\/wp-content\/uploads\/2025\/11\/DSCF8978-2048x1153.jpg 2048w, https:\/\/1stamerican.it\/wp-content\/uploads\/2025\/11\/DSCF8978-1320x743.jpg 1320w, https:\/\/1stamerican.it\/wp-content\/uploads\/2025\/11\/DSCF8978-600x338.jpg 600w\" sizes=\"auto, (max-width: 1020px) 100vw, 1020px\" title=\"\">\t\t\t\t\t\t\n\t\t\t\t\t<\/div>\n\t\t\t\t\t\t\t\t\n<style>\n#image_568574481 {\n  width: 100%;\n}\n<\/style>\n\t<\/div>\n\t\n\n\n\t\t<\/div>\n\t\t\t\t\t<\/div>\n\n\t\n\n<\/div>\n<div class=\"row\"  id=\"row-941022485\">\n\n\n\t<div id=\"col-1931635677\" class=\"col small-12 large-12\"  >\n\t\t\t\t<div class=\"col-inner\"  >\n\t\t\t\n\t\t\t\n\n\t<div id=\"gap-928908857\" class=\"gap-element clearfix\" style=\"display:block; height:auto;\">\n\t\t\n<style>\n#gap-928908857 {\n  padding-top: 30px;\n}\n<\/style>\n\t<\/div>\n\t\n\n<p>Die 1stAmerican Linie wird in Italien hergestellt und macht das beste Preis-Leistungs-Verh\u00e4ltnis zu ihrer St\u00e4rke, dank der Tatsache, dass die Produktion direkt von der Herstellung bis zum Endverbraucher kommt.<\/p>\n<p>Gi\u00f2 Tedeschi, Designer und Gr\u00fcnder, arbeitet mit dem Team junger und talentierter Designer zusammen, um die Kleidungsst\u00fccke am Hauptsitz des Unternehmens in Milano, der Modestadt schlechthin, zu entwerfen. Die Philosophie des frischen Stils, die den unverwechselbaren Charme des Made in Italy unterstreicht, ist ein konstantes Element jeder Kollektion.<\/p>\n<p>Die Aufmerksamkeit f\u00fcr die Verwendung von 100% Naturfasern hat zur Kreation von Linien aus 100% Seide, Leinen und Lederaccessoires gef\u00fchrt. Die Kollektion, die der Seidenbekleidung gewidmet ist, umfasst insbesondere Blusen und Hemden, aber auch Schals, Jacken und Hosen. Leinen hingegen, das auf einen gro\u00dfen Verkaufserfolg unserer Marke z\u00e4hlt, umfasst einen Unisex-Ganzsommer-Look und ist ein Stoff, der f\u00fcr die klimatische Entwicklung, die wir erleben, geeignet ist.<\/p>\n\n\t\t<\/div>\n\t\t\t\t\t<\/div>\n\n\t\n\n<\/div>\n<div class=\"row\"  id=\"row-1211369862\">\n\n\n\t<div id=\"col-821197348\" class=\"col small-12 large-12\"  >\n\t\t\t\t<div class=\"col-inner\"  >\n\t\t\t\n\t\t\t\n\n\t<div class=\"img has-hover x md-x lg-x y md-y lg-y\" id=\"image_1584959088\">\n\t\t\t\t\t\t\t\t<div class=\"img-inner dark\" >\n\t\t\t<img loading=\"lazy\" decoding=\"async\" width=\"1020\" height=\"265\" src=\"https:\/\/1stamerican.it\/wp-content\/uploads\/2024\/08\/Progetto-senza-titolo-4-2048x533-1-1400x364.jpg\" class=\"attachment-large size-large\" alt=\"\" srcset=\"https:\/\/1stamerican.it\/wp-content\/uploads\/2024\/08\/Progetto-senza-titolo-4-2048x533-1-1400x364.jpg 1400w, https:\/\/1stamerican.it\/wp-content\/uploads\/2024\/08\/Progetto-senza-titolo-4-2048x533-1-800x208.jpg 800w, https:\/\/1stamerican.it\/wp-content\/uploads\/2024\/08\/Progetto-senza-titolo-4-2048x533-1-280x73.jpg 280w, https:\/\/1stamerican.it\/wp-content\/uploads\/2024\/08\/Progetto-senza-titolo-4-2048x533-1-768x200.jpg 768w, https:\/\/1stamerican.it\/wp-content\/uploads\/2024\/08\/Progetto-senza-titolo-4-2048x533-1-1536x400.jpg 1536w, https:\/\/1stamerican.it\/wp-content\/uploads\/2024\/08\/Progetto-senza-titolo-4-2048x533-1-1320x344.jpg 1320w, https:\/\/1stamerican.it\/wp-content\/uploads\/2024\/08\/Progetto-senza-titolo-4-2048x533-1-600x156.jpg 600w, https:\/\/1stamerican.it\/wp-content\/uploads\/2024\/08\/Progetto-senza-titolo-4-2048x533-1.jpg 2048w\" sizes=\"auto, (max-width: 1020px) 100vw, 1020px\" title=\"\">\t\t\t\t\t\t\n\t\t\t\t\t<\/div>\n\t\t\t\t\t\t\t\t\n<style>\n#image_1584959088 {\n  width: 100%;\n}\n<\/style>\n\t<\/div>\n\t\n\n\n\t\t<\/div>\n\t\t\t\t\t<\/div>\n\n\t\n\n<\/div>\n\n\t\t<\/div>\n\n\t\t\n<style>\n#section_1543639832 {\n  padding-top: 30px;\n  padding-bottom: 30px;\n}\n<\/style>\n\t<\/section>\n\t\n\n\t<section class=\"section show-for-medium hide-for-small\" id=\"section_1128026373\">\n\t\t<div class=\"section-bg fill\" >\n\t\t\t\t\t\t\t\t\t\n\t\t\t\n\n\t\t<\/div>\n\n\t\t\n\n\t\t<div class=\"section-content relative\">\n\t\t\t\n\n<div class=\"row\"  id=\"row-989572602\">\n\n\n\t<div id=\"col-1536524264\" class=\"col small-12 large-12\"  >\n\t\t\t\t<div class=\"col-inner\"  >\n\t\t\t\n\t\t\t\n\n<h1 style=\"text-align: center;\"><span style=\"font-size: 130%;\">Unsere Geschichte<\/span><\/h1>\n\n\t\t<\/div>\n\t\t\t\t\t<\/div>\n\n\t\n\n<\/div>\n<div class=\"row\"  id=\"row-419349407\">\n\n\n\t<div id=\"col-1980033361\" class=\"col medium-6 small-12 large-12\"  >\n\t\t\t\t<div class=\"col-inner\"  >\n\t\t\t\n\t\t\t\n\n\t<div id=\"gap-943359147\" class=\"gap-element clearfix\" style=\"display:block; height:auto;\">\n\t\t\n<style>\n#gap-943359147 {\n  padding-top: 30px;\n}\n<\/style>\n\t<\/div>\n\t\n\n\t<div class=\"img has-hover x md-x lg-x y md-y lg-y\" id=\"image_2022075814\">\n\t\t\t\t\t\t\t\t<div class=\"img-inner dark\" >\n\t\t\t<img loading=\"lazy\" decoding=\"async\" width=\"1248\" height=\"832\" src=\"https:\/\/1stamerican.it\/wp-content\/uploads\/2025\/11\/Chi_Samo_Gio-1.png\" class=\"attachment-original size-original\" alt=\"\" srcset=\"https:\/\/1stamerican.it\/wp-content\/uploads\/2025\/11\/Chi_Samo_Gio-1.png 1248w, https:\/\/1stamerican.it\/wp-content\/uploads\/2025\/11\/Chi_Samo_Gio-1-900x600.png 900w, https:\/\/1stamerican.it\/wp-content\/uploads\/2025\/11\/Chi_Samo_Gio-1-420x280.png 420w, https:\/\/1stamerican.it\/wp-content\/uploads\/2025\/11\/Chi_Samo_Gio-1-768x512.png 768w, https:\/\/1stamerican.it\/wp-content\/uploads\/2025\/11\/Chi_Samo_Gio-1-600x400.png 600w\" sizes=\"auto, (max-width: 1248px) 100vw, 1248px\" title=\"\">\t\t\t\t\t\t\n\t\t\t\t\t<\/div>\n\t\t\t\t\t\t\t\t\n<style>\n#image_2022075814 {\n  width: 100%;\n}\n<\/style>\n\t<\/div>\n\t\n\n\n\t\t<\/div>\n\t\t\t\t\t<\/div>\n\n\t\n\n\t<div id=\"col-1286773776\" class=\"col medium-6 small-12 large-4\"  >\n\t\t\t\t<div class=\"col-inner\"  >\n\t\t\t\n\t\t\t\n\n<p style=\"text-align: left;\"><span style=\"font-size: 75%;\">1stAmerican erinnert an die USA, aber wir sind Italiener. Der Gr\u00fcnder Gi\u00f2 Tedeschi war der erste seiner Familie, der in den 90er Jahren in New York im Kaschmirsektor arbeitete.<\/span><\/p>\n<p style=\"text-align: left;\"><span style=\"font-size: 75%;\">Zur\u00fcck in Milano begann er 2008, mit verschiedenen Marken zusammenzuarbeiten, und begann dann mit der Produktion in Italien mit 1stAmerican Cashmere, sodass alles aus dem Wunsch nach dem Komfort und der Weichheit dieses s\u00fc\u00dfen und raffinierten Garns und einer R\u00fcckkehr ins Herkunftsland mit einer sehr angels\u00e4chsischen Vision entstand, Qualit\u00e4t zu einem fairen Preis herzustellen.<\/span><\/p>\n\n\t\t<\/div>\n\t\t\t\t\t<\/div>\n\n\t\n\n<\/div>\n<div class=\"row\"  id=\"row-534289749\">\n\n\n\t<div id=\"col-1238924164\" class=\"col medium-6 small-12 large-12\"  >\n\t\t\t\t<div class=\"col-inner\"  >\n\t\t\t\n\t\t\t\n\n<p><span style=\"font-size: 75%;\">Gi\u00f2 Tedeschi, Gr\u00fcnder und Art Director, erweckt die Marke 1stAmerican aus 100 % Kaschmir zum Leben und bietet dem europ\u00e4ischen Publikum ein zeitloses Kollektionsangebot, das sich perfekt f\u00fcr die Interpretation der Bed\u00fcrfnisse des Alltags eignet. Strickwaren f\u00fcr Herren und Damen, die aus feinen Garnen wie Kaschmir und Seide hergestellt werden, k\u00f6nnen sowohl zur Teilnahme an Freizeitaktivit\u00e4ten als auch perfekt f\u00fcr Arbeitstage getragen werden. Gro\u00dfes Augenmerk wird auf Qualit\u00e4t und schneiderische oder handwerkliche Produktion gelegt. <\/span><\/p>\n\n\t\t<\/div>\n\t\t\t\t\t<\/div>\n\n\t\n\n\t<div id=\"col-1926772225\" class=\"col medium-6 small-12 large-4\"  >\n\t\t\t\t<div class=\"col-inner\"  >\n\t\t\t\n\t\t\t\n\n\t<div id=\"gap-895438183\" class=\"gap-element clearfix\" style=\"display:block; height:auto;\">\n\t\t\n<style>\n#gap-895438183 {\n  padding-top: 30px;\n}\n<\/style>\n\t<\/div>\n\t\n\n\t<div class=\"img has-hover x md-x lg-x y md-y lg-y\" id=\"image_1335597903\">\n\t\t\t\t\t\t\t\t<div class=\"img-inner dark\" >\n\t\t\t<img loading=\"lazy\" decoding=\"async\" width=\"2560\" height=\"1441\" src=\"https:\/\/1stamerican.it\/wp-content\/uploads\/2025\/11\/DSCF8978-scaled.jpg\" class=\"attachment-original size-original\" alt=\"\" srcset=\"https:\/\/1stamerican.it\/wp-content\/uploads\/2025\/11\/DSCF8978-scaled.jpg 2560w, https:\/\/1stamerican.it\/wp-content\/uploads\/2025\/11\/DSCF8978-1066x600.jpg 1066w, https:\/\/1stamerican.it\/wp-content\/uploads\/2025\/11\/DSCF8978-420x236.jpg 420w, https:\/\/1stamerican.it\/wp-content\/uploads\/2025\/11\/DSCF8978-768x432.jpg 768w, https:\/\/1stamerican.it\/wp-content\/uploads\/2025\/11\/DSCF8978-1536x864.jpg 1536w, https:\/\/1stamerican.it\/wp-content\/uploads\/2025\/11\/DSCF8978-2048x1153.jpg 2048w, https:\/\/1stamerican.it\/wp-content\/uploads\/2025\/11\/DSCF8978-1320x743.jpg 1320w, https:\/\/1stamerican.it\/wp-content\/uploads\/2025\/11\/DSCF8978-600x338.jpg 600w\" sizes=\"auto, (max-width: 2560px) 100vw, 2560px\" title=\"\">\t\t\t\t\t\t\n\t\t\t\t\t<\/div>\n\t\t\t\t\t\t\t\t\n<style>\n#image_1335597903 {\n  width: 100%;\n}\n@media (min-width:850px) {\n  #image_1335597903 {\n    width: 100%;\n  }\n}\n<\/style>\n\t<\/div>\n\t\n\n\n\t\t<\/div>\n\t\t\t\t\t<\/div>\n\n\t\n\n\t<div id=\"col-1378368688\" class=\"col medium-12 small-12 large-4\"  >\n\t\t\t\t<div class=\"col-inner\"  >\n\t\t\t\n\t\t\t\n\n<p><span style=\"font-size: 75%;\">1stAmerican stellt die \u00f6kologische Nachhaltigkeit seiner Kleidungsst\u00fccke an erste Stelle, wir sind eine Marke, die auf den Umweltschutz achtet und diesen respektiert. \u00d6kologische Nachhaltigkeit, die die Grundlage f\u00fcr die Geburt der Linie aus 100 % Leinen bildet, die sich im Rhythmus der Jahreszeiten mit 100 % Kaschmir abwechselt, und das Recycling von Fasern sind die Besonderheiten, die immer im Mittelpunkt stehen, zusammen mit der Aufwertung der Handwerkskunst. <\/span><\/p>\n<p><span style=\"font-size: 75%;\">Die neue Linie von Kleidungsst\u00fccken aus 100 % Seide legt den Fokus auf die Naturfasern, die in jeder Kreation verwendet werden.<\/span><\/p>\n\n\t\t<\/div>\n\t\t\t\t\t<\/div>\n\n\t\n\n<\/div>\n<div class=\"row\"  id=\"row-1909151083\">\n\n\n\t<div id=\"col-1969271199\" class=\"col small-12 large-12\"  >\n\t\t\t\t<div class=\"col-inner\"  >\n\t\t\t\n\t\t\t\n\n\t<div class=\"img has-hover x md-x lg-x y md-y lg-y\" id=\"image_1100683679\">\n\t\t\t\t\t\t\t\t<div class=\"img-inner dark\" >\n\t\t\t<img loading=\"lazy\" decoding=\"async\" width=\"2048\" height=\"533\" src=\"https:\/\/1stamerican.it\/wp-content\/uploads\/2024\/08\/Progetto-senza-titolo-4-2048x533-1.jpg\" class=\"attachment-original size-original\" alt=\"\" srcset=\"https:\/\/1stamerican.it\/wp-content\/uploads\/2024\/08\/Progetto-senza-titolo-4-2048x533-1.jpg 2048w, https:\/\/1stamerican.it\/wp-content\/uploads\/2024\/08\/Progetto-senza-titolo-4-2048x533-1-800x208.jpg 800w, https:\/\/1stamerican.it\/wp-content\/uploads\/2024\/08\/Progetto-senza-titolo-4-2048x533-1-1400x364.jpg 1400w, https:\/\/1stamerican.it\/wp-content\/uploads\/2024\/08\/Progetto-senza-titolo-4-2048x533-1-280x73.jpg 280w, https:\/\/1stamerican.it\/wp-content\/uploads\/2024\/08\/Progetto-senza-titolo-4-2048x533-1-768x200.jpg 768w, https:\/\/1stamerican.it\/wp-content\/uploads\/2024\/08\/Progetto-senza-titolo-4-2048x533-1-1536x400.jpg 1536w, https:\/\/1stamerican.it\/wp-content\/uploads\/2024\/08\/Progetto-senza-titolo-4-2048x533-1-1320x344.jpg 1320w, https:\/\/1stamerican.it\/wp-content\/uploads\/2024\/08\/Progetto-senza-titolo-4-2048x533-1-600x156.jpg 600w\" sizes=\"auto, (max-width: 2048px) 100vw, 2048px\" title=\"\">\t\t\t\t\t\t\n\t\t\t\t\t<\/div>\n\t\t\t\t\t\t\t\t\n<style>\n#image_1100683679 {\n  width: 100%;\n}\n<\/style>\n\t<\/div>\n\t\n\n\n\t\t<\/div>\n\t\t\t\t\t<\/div>\n\n\t\n\n<\/div>\n<div class=\"row\"  id=\"row-1911700024\">\n\n\n\t<div id=\"col-1781784400\" class=\"col small-12 large-12\"  >\n\t\t\t\t<div class=\"col-inner\"  >\n\t\t\t\n\t\t\t\n\n<p><span style=\"font-size: 75%;\">Die 1stAmerican Linie wird in Italien hergestellt und macht das beste Preis-Leistungs-Verh\u00e4ltnis zu ihrer St\u00e4rke, dank der Tatsache, dass die Produktion direkt von der Herstellung bis zum Endverbraucher kommt.<\/span><\/p>\n<p><span style=\"font-size: 75%;\">Gi\u00f2 Tedeschi, Designer und Gr\u00fcnder, arbeitet mit dem Team junger und talentierter Designer zusammen, um die Kleidungsst\u00fccke am Hauptsitz des Unternehmens in Milano, der Modestadt schlechthin, zu entwerfen. Die Philosophie des frischen Stils, die den unverwechselbaren Charme des Made in Italy unterstreicht, ist ein konstantes Element jeder Kollektion. <\/span><\/p>\n<p><span style=\"font-size: 75%;\">Die Aufmerksamkeit f\u00fcr die Verwendung von 100% Naturfasern hat zur Kreation von Linien aus 100% Seide, Leinen und Lederaccessoires gef\u00fchrt. Die Kollektion, die der Seidenbekleidung gewidmet ist, umfasst insbesondere Blusen und Hemden, aber auch Schals, Jacken und Hosen. Leinen hingegen, das auf einen gro\u00dfen Verkaufserfolg unserer Marke z\u00e4hlt, umfasst einen Unisex-Ganzsommer-Look und ist ein Stoff, der f\u00fcr die klimatische Entwicklung, die wir erleben, geeignet ist. <\/span><\/p>\n\n\t\t<\/div>\n\t\t\t\t\t<\/div>\n\n\t\n\n<\/div>\n\n\t\t<\/div>\n\n\t\t\n<style>\n#section_1128026373 {\n  padding-top: 30px;\n  padding-bottom: 30px;\n}\n<\/style>\n\t<\/section>\n\t\n\n\t<section class=\"section show-for-small\" id=\"section_134448997\">\n\t\t<div class=\"section-bg fill\" >\n\t\t\t\t\t\t\t\t\t\n\t\t\t\n\n\t\t<\/div>\n\n\t\t\n\n\t\t<div class=\"section-content relative\">\n\t\t\t\n\n<div class=\"row\"  id=\"row-1554799774\">\n\n\n\t<div id=\"col-862267288\" class=\"col small-12 large-12\"  >\n\t\t\t\t<div class=\"col-inner\"  >\n\t\t\t\n\t\t\t\n\n<h1 style=\"text-align: center;\"><span style=\"font-size: 130%;\">Unsere Geschichte<\/span><\/h1>\n\t<div class=\"img has-hover x md-x lg-x y md-y lg-y\" id=\"image_1779590114\">\n\t\t\t\t\t\t\t\t<div class=\"img-inner dark\" >\n\t\t\t<img loading=\"lazy\" decoding=\"async\" width=\"1248\" height=\"832\" src=\"https:\/\/1stamerican.it\/wp-content\/uploads\/2025\/11\/Chi_Samo_Gio-1.png\" class=\"attachment-original size-original\" alt=\"\" srcset=\"https:\/\/1stamerican.it\/wp-content\/uploads\/2025\/11\/Chi_Samo_Gio-1.png 1248w, https:\/\/1stamerican.it\/wp-content\/uploads\/2025\/11\/Chi_Samo_Gio-1-900x600.png 900w, https:\/\/1stamerican.it\/wp-content\/uploads\/2025\/11\/Chi_Samo_Gio-1-420x280.png 420w, https:\/\/1stamerican.it\/wp-content\/uploads\/2025\/11\/Chi_Samo_Gio-1-768x512.png 768w, https:\/\/1stamerican.it\/wp-content\/uploads\/2025\/11\/Chi_Samo_Gio-1-600x400.png 600w\" sizes=\"auto, (max-width: 1248px) 100vw, 1248px\" title=\"\">\t\t\t\t\t\t\n\t\t\t\t\t<\/div>\n\t\t\t\t\t\t\t\t\n<style>\n#image_1779590114 {\n  width: 100%;\n}\n<\/style>\n\t<\/div>\n\t\n\n<p style=\"text-align: left;\">1stAmerican erinnert an die USA, aber wir sind Italiener. Der Gr\u00fcnder Gi\u00f2 Tedeschi war der erste seiner Familie, der in den 90er Jahren in New York im Kaschmirsektor arbeitete.<\/p>\n<p style=\"text-align: left;\">Zur\u00fcck in Milano begann er 2008, mit verschiedenen Marken zusammenzuarbeiten, und begann dann mit der Produktion in Italien mit 1stAmerican Cashmere, sodass alles aus dem Wunsch nach dem Komfort und der Weichheit dieses s\u00fc\u00dfen und raffinierten Garns und einer R\u00fcckkehr ins Herkunftsland mit einer sehr angels\u00e4chsischen Vision entstand, Qualit\u00e4t zu einem fairen Preis herzustellen.<\/p>\n\t<div class=\"img has-hover x md-x lg-x y md-y lg-y\" id=\"image_445125199\">\n\t\t\t\t\t\t\t\t<div class=\"img-inner dark\" >\n\t\t\t<img loading=\"lazy\" decoding=\"async\" width=\"2560\" height=\"1441\" src=\"https:\/\/1stamerican.it\/wp-content\/uploads\/2025\/11\/DSCF8978-scaled.jpg\" class=\"attachment-original size-original\" alt=\"\" srcset=\"https:\/\/1stamerican.it\/wp-content\/uploads\/2025\/11\/DSCF8978-scaled.jpg 2560w, https:\/\/1stamerican.it\/wp-content\/uploads\/2025\/11\/DSCF8978-1066x600.jpg 1066w, https:\/\/1stamerican.it\/wp-content\/uploads\/2025\/11\/DSCF8978-420x236.jpg 420w, https:\/\/1stamerican.it\/wp-content\/uploads\/2025\/11\/DSCF8978-768x432.jpg 768w, https:\/\/1stamerican.it\/wp-content\/uploads\/2025\/11\/DSCF8978-1536x864.jpg 1536w, https:\/\/1stamerican.it\/wp-content\/uploads\/2025\/11\/DSCF8978-2048x1153.jpg 2048w, https:\/\/1stamerican.it\/wp-content\/uploads\/2025\/11\/DSCF8978-1320x743.jpg 1320w, https:\/\/1stamerican.it\/wp-content\/uploads\/2025\/11\/DSCF8978-600x338.jpg 600w\" sizes=\"auto, (max-width: 2560px) 100vw, 2560px\" title=\"\">\t\t\t\t\t\t\n\t\t\t\t\t<\/div>\n\t\t\t\t\t\t\t\t\n<style>\n#image_445125199 {\n  width: 100%;\n}\n<\/style>\n\t<\/div>\n\t\n\n<p>Gi\u00f2 Tedeschi, Gr\u00fcnder und Art Director, erweckt die Marke 1stAmerican aus 100 % Kaschmir zum Leben und bietet dem europ\u00e4ischen Publikum ein zeitloses Kollektionsangebot, das sich perfekt f\u00fcr die Interpretation der Bed\u00fcrfnisse des Alltags eignet. Strickwaren f\u00fcr Herren und Damen, die aus feinen Garnen wie Kaschmir und Seide hergestellt werden, k\u00f6nnen sowohl zur Teilnahme an Freizeitaktivit\u00e4ten als auch perfekt f\u00fcr Arbeitstage getragen werden. Gro\u00dfes Augenmerk wird auf Qualit\u00e4t und schneiderische oder handwerkliche Produktion gelegt.<\/p>\n<p>1stAmerican stellt die \u00f6kologische Nachhaltigkeit seiner Kleidungsst\u00fccke an erste Stelle, wir sind eine Marke, die auf den Umweltschutz achtet und diesen respektiert. \u00d6kologische Nachhaltigkeit, die die Grundlage f\u00fcr die Geburt der Linie aus 100 % Leinen bildet, die sich im Rhythmus der Jahreszeiten mit 100 % Kaschmir abwechselt, und das Recycling von Fasern sind die Besonderheiten, die immer im Mittelpunkt stehen, zusammen mit der Aufwertung der Handwerkskunst.<\/p>\n<p>Die neue Linie von Kleidungsst\u00fccken aus 100 % Seide legt den Fokus auf die Naturfasern, die in jeder Kreation verwendet werden.<\/p>\n\t<div class=\"img has-hover x md-x lg-x y md-y lg-y\" id=\"image_2029696882\">\n\t\t\t\t\t\t\t\t<div class=\"img-inner dark\" >\n\t\t\t<img loading=\"lazy\" decoding=\"async\" width=\"2048\" height=\"533\" src=\"https:\/\/1stamerican.it\/wp-content\/uploads\/2024\/08\/Progetto-senza-titolo-4-2048x533-1.jpg\" class=\"attachment-original size-original\" alt=\"\" srcset=\"https:\/\/1stamerican.it\/wp-content\/uploads\/2024\/08\/Progetto-senza-titolo-4-2048x533-1.jpg 2048w, https:\/\/1stamerican.it\/wp-content\/uploads\/2024\/08\/Progetto-senza-titolo-4-2048x533-1-800x208.jpg 800w, https:\/\/1stamerican.it\/wp-content\/uploads\/2024\/08\/Progetto-senza-titolo-4-2048x533-1-1400x364.jpg 1400w, https:\/\/1stamerican.it\/wp-content\/uploads\/2024\/08\/Progetto-senza-titolo-4-2048x533-1-280x73.jpg 280w, https:\/\/1stamerican.it\/wp-content\/uploads\/2024\/08\/Progetto-senza-titolo-4-2048x533-1-768x200.jpg 768w, https:\/\/1stamerican.it\/wp-content\/uploads\/2024\/08\/Progetto-senza-titolo-4-2048x533-1-1536x400.jpg 1536w, https:\/\/1stamerican.it\/wp-content\/uploads\/2024\/08\/Progetto-senza-titolo-4-2048x533-1-1320x344.jpg 1320w, https:\/\/1stamerican.it\/wp-content\/uploads\/2024\/08\/Progetto-senza-titolo-4-2048x533-1-600x156.jpg 600w\" sizes=\"auto, (max-width: 2048px) 100vw, 2048px\" title=\"\">\t\t\t\t\t\t\n\t\t\t\t\t<\/div>\n\t\t\t\t\t\t\t\t\n<style>\n#image_2029696882 {\n  width: 100%;\n}\n<\/style>\n\t<\/div>\n\t\n\n<p>Die 1stAmerican Linie wird in Italien hergestellt und macht das beste Preis-Leistungs-Verh\u00e4ltnis zu ihrer St\u00e4rke, dank der Tatsache, dass die Produktion direkt von der Herstellung bis zum Endverbraucher kommt.<\/p>\n<p>Gi\u00f2 Tedeschi, Designer und Gr\u00fcnder, arbeitet mit dem Team junger und talentierter Designer zusammen, um die Kleidungsst\u00fccke am Hauptsitz des Unternehmens in Milano, der Modestadt schlechthin, zu entwerfen. Die Philosophie des frischen Stils, die den unverwechselbaren Charme des Made in Italy unterstreicht, ist ein konstantes Element jeder Kollektion.<\/p>\n<p>Die Aufmerksamkeit f\u00fcr die Verwendung von 100% Naturfasern hat zur Kreation von Linien aus 100% Seide, Leinen und Lederaccessoires gef\u00fchrt. Die Kollektion, die der Seidenbekleidung gewidmet ist, umfasst insbesondere Blusen und Hemden, aber auch Schals, Jacken und Hosen. Leinen hingegen, das auf einen gro\u00dfen Verkaufserfolg unserer Marke z\u00e4hlt, umfasst einen Unisex-Ganzsommer-Look und ist ein Stoff, der f\u00fcr die klimatische Entwicklung, die wir erleben, geeignet ist.<\/p>\n\n\t\t<\/div>\n\t\t\t\t\t<\/div>\n\n\t\n\n<\/div>\n\n\t\t<\/div>\n\n\t\t\n<style>\n#section_134448997 {\n  padding-top: 30px;\n  padding-bottom: 30px;\n}\n<\/style>\n\t<\/section>\n\t\n\n","protected":false},"excerpt":{"rendered":"","protected":false},"author":112,"featured_media":0,"parent":0,"menu_order":0,"comment_status":"closed","ping_status":"open","template":"","meta":{"footnotes":""},"class_list":["post-204013","page","type-page","status-publish","hentry"],"_links":{"self":[{"href":"https:\/\/1stamerican.it\/de\/wp-json\/wp\/v2\/pages\/204013","targetHints":{"allow":["GET"]}}],"collection":[{"href":"https:\/\/1stamerican.it\/de\/wp-json\/wp\/v2\/pages"}],"about":[{"href":"https:\/\/1stamerican.it\/de\/wp-json\/wp\/v2\/types\/page"}],"author":[{"embeddable":true,"href":"https:\/\/1stamerican.it\/de\/wp-json\/wp\/v2\/users\/112"}],"replies":[{"embeddable":true,"href":"https:\/\/1stamerican.it\/de\/wp-json\/wp\/v2\/comments?post=204013"}],"version-history":[{"count":12,"href":"https:\/\/1stamerican.it\/de\/wp-json\/wp\/v2\/pages\/204013\/revisions"}],"predecessor-version":[{"id":214628,"href":"https:\/\/1stamerican.it\/de\/wp-json\/wp\/v2\/pages\/204013\/revisions\/214628"}],"wp:attachment":[{"href":"https:\/\/1stamerican.it\/de\/wp-json\/wp\/v2\/media?parent=204013"}],"curies":[{"name":"wp","href":"https:\/\/api.w.org\/{rel}","templated":true}]}}