{"id":204012,"date":"2018-12-11T19:46:02","date_gmt":"2018-12-11T18:46:02","guid":{"rendered":"https:\/\/1stamerican.it\/geschaefte\/"},"modified":"2026-02-26T16:57:22","modified_gmt":"2026-02-26T15:57:22","slug":"geschaefte","status":"publish","type":"page","link":"https:\/\/1stamerican.it\/de\/geschaefte\/","title":{"rendered":"Gesch\u00e4fte"},"content":{"rendered":"\n\n\t<section class=\"section hide-for-medium\" id=\"section_519718368\">\n\t\t<div class=\"section-bg fill\" >\n\t\t\t\t\t\t\t\t\t\n\t\t\t\n\t<div class=\"is-border\"\n\t\tstyle=\"border-width:0px 0px 0px 0px;\">\n\t<\/div>\n\n\t\t<\/div>\n\n\t\t\n\n\t\t<div class=\"section-content relative\">\n\t\t\t\n\n<div class=\"row align-middle hide-for-medium\"  id=\"row-1006476142\">\n\n\n\t<div id=\"col-1245851725\" class=\"col small-12 large-12\"  >\n\t\t\t\t<div class=\"col-inner\"  >\n\t\t\t\n\t\t\t\n\n\t<div id=\"text-2138934900\" class=\"text hide-for-medium\">\n\t\t\n\n<p>&nbsp;<\/p>\n<h1 style=\"text-align: center;\">UNSERE GESCH\u00c4FTE<\/h1>\n\t\t\t<\/div>\n\t\n\n\t\t<\/div>\n\t\t\t\t\t<\/div>\n\n\t\n\n<\/div>\n<div class=\"row row-large align-equal row-dashed hide-for-medium\" style=\"max-width:95%\" id=\"row-279896382\">\n\n\n\t<div id=\"col-74766588\" class=\"col small-12 large-12\"  >\n\t\t\t\t<div class=\"col-inner\"  >\n\t\t\t\n\t\t\t\n\n<p>1stAmerican ist mit seinen Filialen in Milano, der Lombardei und im ganzen Land pr\u00e4sent. Kaschmir, ein feiner Stoff und ein Flaggschiff, das das Mail\u00e4nder Unternehmen seit jeher in seinen Kollektionen anbietet, wird ausgehend von der wichtigen Auswahl an Garnen von streng hoher Qualit\u00e4t hergestellt. Die Verarbeitung erfolgt in Laboratorien und Handwerkern Made in Italy und stellt das Flaggschiff einer Produktion im Namen der \u00f6kologischen Nachhaltigkeit und Handwerkskunst dar. Eine Rede, die auch f\u00fcr die anderen verwendeten Stoffe Leinen und Seide gilt, die aber f\u00fcr Kaschmir noch wichtiger ist, da es sich um das Flaggschiffprodukt von 1stAmerican handelt.<\/p>\n<p>Leinen ist ein perfektes Material f\u00fcr die hei\u00dfeste Zeit des Jahres und wird in Italien und auf der ganzen Welt seit Jahrtausenden verwendet. 1stAmerican verwendet es sowohl f\u00fcr Sie als auch f\u00fcr Sie, perfekt, um den Sommer mit Frische und Eleganz zu erleben.<\/p>\n<p>Seide hingegen, ein feiner Stoff, der seit Anbeginn der Zeit verarbeitet wird, ist im 1stAmerican Vorschlag pr\u00e4sent, sowohl allein als auch in Kombination mit Kaschmir in umh\u00fcllenden Kleidungsst\u00fccken, bequem und raffiniert wie nie zuvor. Immer im Namen der Handwerkskunst und des italienischen Stils, der Nachhaltigkeit und Innovation verbindet.<\/p>\n\n\t\t<\/div>\n\t\t\t\t\t<\/div>\n\n\t\n\n<\/div>\n<div class=\"row hide-for-medium\"  id=\"row-147909167\">\n\n\n\t<div id=\"col-791800014\" class=\"col small-12 large-12\"  >\n\t\t\t\t<div class=\"col-inner\"  >\n\t\t\t\n\t\t\t\n\n<h1 style=\"text-align: center\">Besuchen Sie uns im Store<\/h1>\n\n\t\t<\/div>\n\t\t\t\t\t<\/div>\n\n\t\n\n<\/div>\n<div class=\"row align-middle hide-for-medium\"  id=\"row-2020606247\">\n\n\n\t<div id=\"col-210967504\" class=\"col medium-6 small-12 large-6\"  >\n\t\t\t\t<div class=\"col-inner text-center\"  >\n\t\t\t\n\t\t\t\n\n<div class=\"accordion\">\n\n\t<div id=\"accordion-2429151155\" class=\"accordion-item\">\n\t\t<a id=\"accordion-2429151155-label\" class=\"accordion-title plain\" href=\"#accordion-item-strongmilano\/strong\" aria-expanded=\"false\" aria-controls=\"accordion-2429151155-content\">\n\t\t\t<button class=\"toggle\" aria-label=\"Umschalten\"><i class=\"icon-angle-down\" aria-hidden=\"true\"><\/i><\/button>\n\t\t\t<span><strong>MILANO<\/strong><\/span>\n\t\t<\/a>\n\t\t<div id=\"accordion-2429151155-content\" class=\"accordion-inner\" aria-labelledby=\"accordion-2429151155-label\">\n\t\t\t\n\n\t<div id=\"text-1130054855\" class=\"text\">\n\t\t\n\n<h2 style=\"text-align: center;\"><strong>1stAmerican Cashmere Milano<\/strong><\/h2>\n<p style=\"text-align: center;\"><em><a href=\"https:\/\/goo.gl\/maps\/tVbybe57QZEinkr98\" target=\"_blank\" rel=\"noopener noreferrer nofollow\">Via Achille Zezon 4 \u2013 Milano<\/a><\/em><\/p>\n\t\t\n<style>\n#text-1130054855 {\n  text-align: center;\n}\n<\/style>\n\t<\/div>\n\t\n\n\t\t<\/div>\n\t<\/div>\n\t\n\t<div id=\"accordion-1482006081\" class=\"accordion-item\">\n\t\t<a id=\"accordion-1482006081-label\" class=\"accordion-title plain\" href=\"#accordion-item-strongbergamo\/strong\" aria-expanded=\"false\" aria-controls=\"accordion-1482006081-content\">\n\t\t\t<button class=\"toggle\" aria-label=\"Umschalten\"><i class=\"icon-angle-down\" aria-hidden=\"true\"><\/i><\/button>\n\t\t\t<span><strong>BERGAMO<\/strong><\/span>\n\t\t<\/a>\n\t\t<div id=\"accordion-1482006081-content\" class=\"accordion-inner\" aria-labelledby=\"accordion-1482006081-label\">\n\t\t\t\n\n<h2 style=\"text-align: center;\"><strong>1stAmerican Cashmere Bergamo<\/strong><\/h2>\n<p style=\"text-align: center;\"><em><a href=\"https:\/\/goo.gl\/maps\/X4YaBiucWa5Hpxmh7\" rel=\"nofollow noopener\" target=\"_blank\">Piazza Matteotti 26 &#8211; Bergamo<\/a><\/em><\/p>\n\n\t\t<\/div>\n\t<\/div>\n\t\n\t<div id=\"accordion-3998715931\" class=\"accordion-item\">\n\t\t<a id=\"accordion-3998715931-label\" class=\"accordion-title plain\" href=\"#accordion-item-strongalbano-sant&#039;alessandro\/strong\" aria-expanded=\"false\" aria-controls=\"accordion-3998715931-content\">\n\t\t\t<button class=\"toggle\" aria-label=\"Umschalten\"><i class=\"icon-angle-down\" aria-hidden=\"true\"><\/i><\/button>\n\t\t\t<span><strong>ALBANO SANT'ALESSANDRO<\/strong><\/span>\n\t\t<\/a>\n\t\t<div id=\"accordion-3998715931-content\" class=\"accordion-inner\" aria-labelledby=\"accordion-3998715931-label\">\n\t\t\t\n\n<h2 style=\"text-align: center;\"><strong>1stAmerican Albano<\/strong><\/h2>\n<p style=\"text-align: center;\"><em><a href=\"https:\/\/goo.gl\/maps\/cmvx1hr3mZ2N6z6k8\" target=\"_blank\" rel=\"noopener noreferrer nofollow\">Via Tonale, 101, Albano Sant&#8217;Alessandro \u2013 Bergamo<\/a><\/em><\/p>\n\n\t\t<\/div>\n\t<\/div>\n\t\n\n<\/div>\n\n\t\t<\/div>\n\t\t\t\t\t<\/div>\n\n\t\n\n\t<div id=\"col-725270293\" class=\"col medium-6 small-12 large-6\"  >\n\t\t\t\t<div class=\"col-inner\"  >\n\t\t\t\n\t\t\t\n\n\t<div class=\"img has-hover hide-for-medium x md-x lg-x y md-y lg-y\" id=\"image_763772860\">\n\t\t\t\t\t\t\t\t<div class=\"img-inner dark\" >\n\t\t\t<img loading=\"lazy\" decoding=\"async\" width=\"764\" height=\"600\" src=\"https:\/\/1stamerican.it\/wp-content\/uploads\/2024\/08\/Progetto-senza-titolo-2-8.jpg\" class=\"attachment-original size-original\" alt=\"\" srcset=\"https:\/\/1stamerican.it\/wp-content\/uploads\/2024\/08\/Progetto-senza-titolo-2-8.jpg 764w, https:\/\/1stamerican.it\/wp-content\/uploads\/2024\/08\/Progetto-senza-titolo-2-8-509x400.jpg 509w, https:\/\/1stamerican.it\/wp-content\/uploads\/2024\/08\/Progetto-senza-titolo-2-8-280x220.jpg 280w, https:\/\/1stamerican.it\/wp-content\/uploads\/2024\/08\/Progetto-senza-titolo-2-8-600x471.jpg 600w\" sizes=\"auto, (max-width: 764px) 100vw, 764px\" title=\"\">\t\t\t\t\t\t\n\t\t\t\t\t<\/div>\n\t\t\t\t\t\t\t\t\n<style>\n#image_763772860 {\n  width: 100%;\n}\n<\/style>\n\t<\/div>\n\t\n\n\n\t\t<\/div>\n\t\t\t\t\t<\/div>\n\n\t\n\n<\/div>\n\n\t\t<\/div>\n\n\t\t\n<style>\n#section_519718368 {\n  padding-top: 0px;\n  padding-bottom: 0px;\n}\n<\/style>\n\t<\/section>\n\t\n\n\t<section class=\"section show-for-medium hide-for-small\" id=\"section_239118312\">\n\t\t<div class=\"section-bg fill\" >\n\t\t\t\t\t\t\t\t\t\n\t\t\t\n\t<div class=\"is-border\"\n\t\tstyle=\"border-width:0px 0px 0px 0px;\">\n\t<\/div>\n\n\t\t<\/div>\n\n\t\t\n\n\t\t<div class=\"section-content relative\">\n\t\t\t\n\n<div class=\"row align-middle show-for-medium hide-for-small\"  id=\"row-602499496\">\n\n\n\t<div id=\"col-312542097\" class=\"col small-12 large-12\"  >\n\t\t\t\t<div class=\"col-inner\"  >\n\t\t\t\n\t\t\t\n\n\t<div id=\"text-2073176329\" class=\"text show-for-medium hide-for-small\">\n\t\t\n\n<p>&nbsp;<\/p>\n<h1 style=\"text-align: center;\">UNSERE GESCH\u00c4FTE<\/h1>\n\t\t\t<\/div>\n\t\n\n\t\t<\/div>\n\t\t\t\t\t<\/div>\n\n\t\n\n<\/div>\n<div class=\"row row-large row-full-width align-equal row-dashed\"  id=\"row-486774089\">\n\n\n\t<div id=\"col-1205355660\" class=\"col small-12 large-12\"  >\n\t\t\t\t<div class=\"col-inner\"  >\n\t\t\t\n\t\t\t\n\n<p>1stAmerican ist mit seinen Filialen in Milano, der Lombardei und im ganzen Land pr\u00e4sent. Kaschmir, ein feiner Stoff und ein Flaggschiff, das das Mail\u00e4nder Unternehmen seit jeher in seinen Kollektionen anbietet, wird ausgehend von der wichtigen Auswahl an Garnen von streng hoher Qualit\u00e4t hergestellt. Die Verarbeitung erfolgt in Laboratorien und Handwerkern Made in Italy und stellt das Flaggschiff einer Produktion im Namen der \u00f6kologischen Nachhaltigkeit und Handwerkskunst dar. Eine Rede, die auch f\u00fcr die anderen verwendeten Stoffe Leinen und Seide gilt, die aber f\u00fcr Kaschmir noch wichtiger ist, da es sich um das Flaggschiffprodukt von 1stAmerican handelt.<\/p>\n<p>Leinen ist ein perfektes Material f\u00fcr die hei\u00dfeste Zeit des Jahres und wird in Italien und auf der ganzen Welt seit Jahrtausenden verwendet. 1stAmerican verwendet es sowohl f\u00fcr Sie als auch f\u00fcr Sie, perfekt, um den Sommer mit Frische und Eleganz zu erleben.<\/p>\n<p>Seide hingegen, ein feiner Stoff, der seit Anbeginn der Zeit verarbeitet wird, ist im 1stAmerican Vorschlag pr\u00e4sent, sowohl allein als auch in Kombination mit Kaschmir in umh\u00fcllenden Kleidungsst\u00fccken, bequem und raffiniert wie nie zuvor. Immer im Namen der Handwerkskunst und des italienischen Stils, der Nachhaltigkeit und Innovation verbindet.<\/p>\n\n\t\t<\/div>\n\t\t\t\t\t<\/div>\n\n\t\n\n<\/div>\n<div class=\"row show-for-medium hide-for-small\"  id=\"row-18527584\">\n\n\n\t<div id=\"col-838179805\" class=\"col small-12 large-12\"  >\n\t\t\t\t<div class=\"col-inner\"  >\n\t\t\t\n\t\t\t\n\n<h1 style=\"text-align: center\">Besuchen Sie uns im Store<\/h1>\n\n\t\t<\/div>\n\t\t\t\t\t<\/div>\n\n\t\n\n<\/div>\n<div class=\"row align-middle show-for-medium hide-for-small\"  id=\"row-1637630786\">\n\n\n\t<div id=\"col-2000656694\" class=\"col medium-6 small-12 large-6\"  >\n\t\t\t\t<div class=\"col-inner text-center\"  >\n\t\t\t\n\t\t\t\n\n<div class=\"accordion\">\n\n\t<div id=\"accordion-1041481782\" class=\"accordion-item\">\n\t\t<a id=\"accordion-1041481782-label\" class=\"accordion-title plain\" href=\"#accordion-item-strongmilano\/strong\" aria-expanded=\"false\" aria-controls=\"accordion-1041481782-content\">\n\t\t\t<button class=\"toggle\" aria-label=\"Umschalten\"><i class=\"icon-angle-down\" aria-hidden=\"true\"><\/i><\/button>\n\t\t\t<span><strong>MILANO<\/strong><\/span>\n\t\t<\/a>\n\t\t<div id=\"accordion-1041481782-content\" class=\"accordion-inner\" aria-labelledby=\"accordion-1041481782-label\">\n\t\t\t\n\n\t<div id=\"text-2219202495\" class=\"text\">\n\t\t\n\n<h3 style=\"text-align: center;\"><strong>1stAmerican Cashmere Milano<\/strong><\/h3>\n<p style=\"text-align: center;\"><em><a href=\"https:\/\/goo.gl\/maps\/tVbybe57QZEinkr98\" target=\"_blank\" rel=\"noopener noreferrer nofollow\">Via Achille Zezon 4 \u2013 Milano<\/a><\/em><\/p>\n<p>\u00a0<\/p>\n<p style=\"text-align: center;\">\u00a0<\/p>\n\t\t\n<style>\n#text-2219202495 {\n  text-align: center;\n}\n<\/style>\n\t<\/div>\n\t\n\n\t\t<\/div>\n\t<\/div>\n\t\n\t<div id=\"accordion-291728133\" class=\"accordion-item\">\n\t\t<a id=\"accordion-291728133-label\" class=\"accordion-title plain\" href=\"#accordion-item-strongbergamo\/strong\" aria-expanded=\"false\" aria-controls=\"accordion-291728133-content\">\n\t\t\t<button class=\"toggle\" aria-label=\"Umschalten\"><i class=\"icon-angle-down\" aria-hidden=\"true\"><\/i><\/button>\n\t\t\t<span><strong>BERGAMO<\/strong><\/span>\n\t\t<\/a>\n\t\t<div id=\"accordion-291728133-content\" class=\"accordion-inner\" aria-labelledby=\"accordion-291728133-label\">\n\t\t\t\n\n\t<div id=\"text-3013578633\" class=\"text\">\n\t\t\n\n<p style=\"text-align: center;\">\u00a0<\/p>\n<h3 style=\"text-align: center;\"><strong>1stAmerican Cashmere Bergamo<\/strong><\/h3>\n<p style=\"text-align: center;\"><em><a href=\"https:\/\/goo.gl\/maps\/X4YaBiucWa5Hpxmh7\" rel=\"nofollow noopener\" target=\"_blank\">Piazza Matteotti 26 &#8211; Bergamo<\/a><\/em><\/p>\n\t\t\n<style>\n#text-3013578633 {\n  text-align: center;\n}\n<\/style>\n\t<\/div>\n\t\n\n\t\t<\/div>\n\t<\/div>\n\t\n\t<div id=\"accordion-2802334317\" class=\"accordion-item\">\n\t\t<a id=\"accordion-2802334317-label\" class=\"accordion-title plain\" href=\"#accordion-item-strongalbano-sant&#039;alessandro\/strong\" aria-expanded=\"false\" aria-controls=\"accordion-2802334317-content\">\n\t\t\t<button class=\"toggle\" aria-label=\"Umschalten\"><i class=\"icon-angle-down\" aria-hidden=\"true\"><\/i><\/button>\n\t\t\t<span><strong>ALBANO SANT'ALESSANDRO<\/strong><\/span>\n\t\t<\/a>\n\t\t<div id=\"accordion-2802334317-content\" class=\"accordion-inner\" aria-labelledby=\"accordion-2802334317-label\">\n\t\t\t\n\n\t<div id=\"text-1057686532\" class=\"text\">\n\t\t\n\n<h3 style=\"text-align: center;\"><strong>1stAmerican Albano<\/strong><\/h3>\n<p style=\"text-align: center;\"><em><a href=\"https:\/\/goo.gl\/maps\/cmvx1hr3mZ2N6z6k8\" target=\"_blank\" rel=\"noopener noreferrer nofollow\">Via Tonale, 101, Albano Sant&#8217;Alessandro \u2013 Bergamo<\/a><\/em><\/p>\n\t\t\n<style>\n#text-1057686532 {\n  text-align: center;\n}\n<\/style>\n\t<\/div>\n\t\n\n\t\t<\/div>\n\t<\/div>\n\t\n\n<\/div>\n\n\t\t<\/div>\n\t\t\t\t\t<\/div>\n\n\t\n\n\t<div id=\"col-1953448289\" class=\"col medium-6 small-12 large-6\"  >\n\t\t\t\t<div class=\"col-inner\"  >\n\t\t\t\n\t\t\t\n\n\t<div class=\"img has-hover show-for-medium hide-for-small x md-x lg-x y md-y lg-y\" id=\"image_1495785232\">\n\t\t\t\t\t\t\t\t<div class=\"img-inner dark\" >\n\t\t\t<img loading=\"lazy\" decoding=\"async\" width=\"764\" height=\"600\" src=\"https:\/\/1stamerican.it\/wp-content\/uploads\/2024\/08\/Progetto-senza-titolo-2-8.jpg\" class=\"attachment-original size-original\" alt=\"\" srcset=\"https:\/\/1stamerican.it\/wp-content\/uploads\/2024\/08\/Progetto-senza-titolo-2-8.jpg 764w, https:\/\/1stamerican.it\/wp-content\/uploads\/2024\/08\/Progetto-senza-titolo-2-8-509x400.jpg 509w, https:\/\/1stamerican.it\/wp-content\/uploads\/2024\/08\/Progetto-senza-titolo-2-8-280x220.jpg 280w, https:\/\/1stamerican.it\/wp-content\/uploads\/2024\/08\/Progetto-senza-titolo-2-8-600x471.jpg 600w\" sizes=\"auto, (max-width: 764px) 100vw, 764px\" title=\"\">\t\t\t\t\t\t\n\t\t\t\t\t<\/div>\n\t\t\t\t\t\t\t\t\n<style>\n#image_1495785232 {\n  width: 100%;\n}\n<\/style>\n\t<\/div>\n\t\n\n\n\t\t<\/div>\n\t\t\t\t\t<\/div>\n\n\t\n\n<\/div>\n\n\t\t<\/div>\n\n\t\t\n<style>\n#section_239118312 {\n  padding-top: 0px;\n  padding-bottom: 0px;\n}\n<\/style>\n\t<\/section>\n\t\n\n\t<section class=\"section show-for-small\" id=\"section_1184293928\">\n\t\t<div class=\"section-bg fill\" >\n\t\t\t\t\t\t\t\t\t\n\t\t\t\n\t<div class=\"is-border\"\n\t\tstyle=\"border-width:0px 0px 0px 0px;\">\n\t<\/div>\n\n\t\t<\/div>\n\n\t\t\n\n\t\t<div class=\"section-content relative\">\n\t\t\t\n\n<div class=\"row align-middle show-for-small\"  id=\"row-2112916602\">\n\n\n\t<div id=\"col-1676828324\" class=\"col small-12 large-12\"  >\n\t\t\t\t<div class=\"col-inner\"  >\n\t\t\t\n\t\t\t\n\n\t<div id=\"text-1263824269\" class=\"text show-for-small\">\n\t\t\n\n<p>&nbsp;<\/p>\n<h1 style=\"text-align: center;\">UNSERE GESCH\u00c4FTE<\/h1>\n\t\t\t<\/div>\n\t\n\n\t\t<\/div>\n\t\t\t\t\t<\/div>\n\n\t\n\n<\/div>\n<div class=\"row row-large row-full-width align-equal row-dashed\"  id=\"row-1011960059\">\n\n\n\t<div id=\"col-480564273\" class=\"col small-12 large-12\"  >\n\t\t\t\t<div class=\"col-inner\"  >\n\t\t\t\n\t\t\t\n\n<p style=\"text-align: left;\">1stAmerican ist mit seinen Filialen in Milano, der Lombardei und im ganzen Land pr\u00e4sent. Kaschmir, ein feiner Stoff und ein Flaggschiff, das das Mail\u00e4nder Unternehmen seit jeher in seinen Kollektionen anbietet, wird ausgehend von der wichtigen Auswahl an Garnen von streng hoher Qualit\u00e4t hergestellt. Die Verarbeitung erfolgt in Laboratorien und Handwerkern Made in Italy und stellt das Flaggschiff einer Produktion im Namen der \u00f6kologischen Nachhaltigkeit und Handwerkskunst dar. Eine Rede, die auch f\u00fcr die anderen verwendeten Stoffe Leinen und Seide gilt, die aber f\u00fcr Kaschmir noch wichtiger ist, da es sich um das Flaggschiffprodukt von 1stAmerican handelt.<\/p>\n<p style=\"text-align: left;\">Leinen ist ein perfektes Material f\u00fcr die hei\u00dfeste Zeit des Jahres und wird in Italien und auf der ganzen Welt seit Jahrtausenden verwendet. 1stAmerican verwendet es sowohl f\u00fcr Sie als auch f\u00fcr Sie, perfekt, um den Sommer mit Frische und Eleganz zu erleben.<\/p>\n<p style=\"text-align: left;\">Seide hingegen, ein feiner Stoff, der seit Anbeginn der Zeit verarbeitet wird, ist im 1stAmerican Vorschlag pr\u00e4sent, sowohl allein als auch in Kombination mit Kaschmir in umh\u00fcllenden Kleidungsst\u00fccken, bequem und raffiniert wie nie zuvor. Immer im Namen der Handwerkskunst und des italienischen Stils, der Nachhaltigkeit und Innovation verbindet.<\/p>\n\n\t\t<\/div>\n\t\t\t\t\t<\/div>\n\n\t\n\n<\/div>\n<div class=\"row\"  id=\"row-746677480\">\n\n\n\t<div id=\"col-408174915\" class=\"col small-12 large-12\"  >\n\t\t\t\t<div class=\"col-inner text-center\"  >\n\t\t\t\n\t\t\t\n\n<h1 style=\"text-align: center;\"><span style=\"font-size: 95%;\">Besuchen Sie uns im Store<\/span><\/h1>\n\n\t\t<\/div>\n\t\t\t\t\t<\/div>\n\n\t\n\n<\/div>\n<div class=\"row row-large row-full-width align-equal row-dashed\"  id=\"row-1258444517\">\n\n\n\t<div id=\"col-2117169977\" class=\"col small-12 large-12\"  >\n\t\t\t\t<div class=\"col-inner\"  >\n\t\t\t\n\t\t\t\n\n\t<div class=\"img has-hover show-for-small x md-x lg-x y md-y lg-y\" id=\"image_1814554782\">\n\t\t\t\t\t\t\t\t<div class=\"img-inner dark\" >\n\t\t\t<img loading=\"lazy\" decoding=\"async\" width=\"764\" height=\"600\" src=\"https:\/\/1stamerican.it\/wp-content\/uploads\/2024\/08\/Progetto-senza-titolo-2-8.jpg\" class=\"attachment-original size-original\" alt=\"\" srcset=\"https:\/\/1stamerican.it\/wp-content\/uploads\/2024\/08\/Progetto-senza-titolo-2-8.jpg 764w, https:\/\/1stamerican.it\/wp-content\/uploads\/2024\/08\/Progetto-senza-titolo-2-8-509x400.jpg 509w, https:\/\/1stamerican.it\/wp-content\/uploads\/2024\/08\/Progetto-senza-titolo-2-8-280x220.jpg 280w, https:\/\/1stamerican.it\/wp-content\/uploads\/2024\/08\/Progetto-senza-titolo-2-8-600x471.jpg 600w\" sizes=\"auto, (max-width: 764px) 100vw, 764px\" title=\"\">\t\t\t\t\t\t\n\t\t\t\t\t<\/div>\n\t\t\t\t\t\t\t\t\n<style>\n#image_1814554782 {\n  width: 100%;\n}\n<\/style>\n\t<\/div>\n\t\n\n\n\t\t<\/div>\n\t\t\t\t\t<\/div>\n\n\t\n\n<\/div>\n<div class=\"row row-full-width row-divided\"  id=\"row-1580849377\">\n\n\n\t<div id=\"col-587304853\" class=\"col medium-7 small-12 large-7\"  >\n\t\t\t\t<div class=\"col-inner text-center\"  >\n\t\t\t\n\t\t\t\n\n<div class=\"accordion\">\n\n\t<div id=\"accordion-2386233275\" class=\"accordion-item\">\n\t\t<a id=\"accordion-2386233275-label\" class=\"accordion-title plain\" href=\"#accordion-item-strongmilano\/strong\" aria-expanded=\"false\" aria-controls=\"accordion-2386233275-content\">\n\t\t\t<button class=\"toggle\" aria-label=\"Umschalten\"><i class=\"icon-angle-down\" aria-hidden=\"true\"><\/i><\/button>\n\t\t\t<span><strong>MILANO<\/strong><\/span>\n\t\t<\/a>\n\t\t<div id=\"accordion-2386233275-content\" class=\"accordion-inner\" aria-labelledby=\"accordion-2386233275-label\">\n\t\t\t\n\n\t<div id=\"text-555896945\" class=\"text\">\n\t\t\n\n<h3 style=\"text-align: center;\"><strong>1stAmerican Cashmere Milano<\/strong><\/h3>\n<p style=\"text-align: center;\"><em><a href=\"https:\/\/goo.gl\/maps\/tVbybe57QZEinkr98\" target=\"_blank\" rel=\"noopener noreferrer nofollow\">Via Achille Zezon 4 \u2013 Milano<\/a><\/em><\/p>\n\t\t\n<style>\n#text-555896945 {\n  text-align: center;\n}\n<\/style>\n\t<\/div>\n\t\n\n\t\t<\/div>\n\t<\/div>\n\t\n\t<div id=\"accordion-424234166\" class=\"accordion-item\">\n\t\t<a id=\"accordion-424234166-label\" class=\"accordion-title plain\" href=\"#accordion-item-strongbergamo\/strong\" aria-expanded=\"false\" aria-controls=\"accordion-424234166-content\">\n\t\t\t<button class=\"toggle\" aria-label=\"Umschalten\"><i class=\"icon-angle-down\" aria-hidden=\"true\"><\/i><\/button>\n\t\t\t<span><strong>BERGAMO<\/strong><\/span>\n\t\t<\/a>\n\t\t<div id=\"accordion-424234166-content\" class=\"accordion-inner\" aria-labelledby=\"accordion-424234166-label\">\n\t\t\t\n\n\t<div id=\"text-2199320012\" class=\"text\">\n\t\t\n\n<h3 style=\"text-align: center;\"><strong>1stAmerican Cashmere Bergamo<\/strong><\/h3>\n<p style=\"text-align: center;\"><em><a href=\"https:\/\/goo.gl\/maps\/X4YaBiucWa5Hpxmh7\" rel=\"nofollow noopener\" target=\"_blank\">Piazza Matteotti 26 &#8211; Bergamo<\/a><\/em><\/p>\n\t\t\n<style>\n#text-2199320012 {\n  text-align: center;\n}\n<\/style>\n\t<\/div>\n\t\n\n\t\t<\/div>\n\t<\/div>\n\t\n\t<div id=\"accordion-4155006062\" class=\"accordion-item\">\n\t\t<a id=\"accordion-4155006062-label\" class=\"accordion-title plain\" href=\"#accordion-item-strongalbano-sant&#039;alessandro\/strong\" aria-expanded=\"false\" aria-controls=\"accordion-4155006062-content\">\n\t\t\t<button class=\"toggle\" aria-label=\"Umschalten\"><i class=\"icon-angle-down\" aria-hidden=\"true\"><\/i><\/button>\n\t\t\t<span><strong>ALBANO SANT'ALESSANDRO<\/strong><\/span>\n\t\t<\/a>\n\t\t<div id=\"accordion-4155006062-content\" class=\"accordion-inner\" aria-labelledby=\"accordion-4155006062-label\">\n\t\t\t\n\n\t<div id=\"text-3976580609\" class=\"text\">\n\t\t\n\n<h3 style=\"text-align: center;\"><strong>1stAmerican Albano<\/strong><\/h3>\n<p style=\"text-align: center;\"><em><a href=\"https:\/\/goo.gl\/maps\/cmvx1hr3mZ2N6z6k8\" target=\"_blank\" rel=\"noopener noreferrer nofollow\">Via Tonale, 101, Albano Sant&#8217;Alessandro \u2013 Bergamo<\/a><\/em><\/p>\n\t\t\n<style>\n#text-3976580609 {\n  text-align: center;\n}\n<\/style>\n\t<\/div>\n\t\n\n\t\t<\/div>\n\t<\/div>\n\t\n\n<\/div>\n\n\t\t<\/div>\n\t\t\t\t\t<\/div>\n\n\t\n\n<\/div>\n\n\t\t<\/div>\n\n\t\t\n<style>\n#section_1184293928 {\n  padding-top: 0px;\n  padding-bottom: 0px;\n}\n<\/style>\n\t<\/section>\n\t\n\n","protected":false},"excerpt":{"rendered":"","protected":false},"author":112,"featured_media":0,"parent":0,"menu_order":0,"comment_status":"closed","ping_status":"closed","template":"page-blank.php","meta":{"footnotes":""},"class_list":["post-204012","page","type-page","status-publish","hentry"],"_links":{"self":[{"href":"https:\/\/1stamerican.it\/de\/wp-json\/wp\/v2\/pages\/204012","targetHints":{"allow":["GET"]}}],"collection":[{"href":"https:\/\/1stamerican.it\/de\/wp-json\/wp\/v2\/pages"}],"about":[{"href":"https:\/\/1stamerican.it\/de\/wp-json\/wp\/v2\/types\/page"}],"author":[{"embeddable":true,"href":"https:\/\/1stamerican.it\/de\/wp-json\/wp\/v2\/users\/112"}],"replies":[{"embeddable":true,"href":"https:\/\/1stamerican.it\/de\/wp-json\/wp\/v2\/comments?post=204012"}],"version-history":[{"count":10,"href":"https:\/\/1stamerican.it\/de\/wp-json\/wp\/v2\/pages\/204012\/revisions"}],"predecessor-version":[{"id":214624,"href":"https:\/\/1stamerican.it\/de\/wp-json\/wp\/v2\/pages\/204012\/revisions\/214624"}],"wp:attachment":[{"href":"https:\/\/1stamerican.it\/de\/wp-json\/wp\/v2\/media?parent=204012"}],"curies":[{"name":"wp","href":"https:\/\/api.w.org\/{rel}","templated":true}]}}