{"id":204009,"date":"2019-02-11T15:15:17","date_gmt":"2019-02-11T14:15:17","guid":{"rendered":"https:\/\/1stamerican.it\/versand-und-rueckgabe\/"},"modified":"2026-01-27T16:32:43","modified_gmt":"2026-01-27T15:32:43","slug":"versand-und-rueckgabe","status":"publish","type":"page","link":"https:\/\/1stamerican.it\/de\/versand-und-rueckgabe\/","title":{"rendered":"Versand und R\u00fcckgabe"},"content":{"rendered":"\n\n\t<section class=\"section\" id=\"section_283287603\">\n\t\t<div class=\"section-bg fill\" >\n\t\t\t\t\t\t\t\t\t\n\t\t\t\n\n\t\t<\/div>\n\n\t\t\n\n\t\t<div class=\"section-content relative\">\n\t\t\t\n\n<div class=\"row\"  id=\"row-1712054547\">\n\n\n\t<div id=\"col-930841332\" class=\"col small-12 large-12\"  >\n\t\t\t\t<div class=\"col-inner\"  >\n\t\t\t\n\t\t\t\n\n<h3><strong>Expedition<\/strong><\/h3>\n<p>Kostenloser Versand in ganz Italien ab einem Bestellwert von 80,00 \u20ac. Die Versandkosten f\u00fcr alle Bestellungen unter 80,00 \u20ac betragen 6,90 \u20ac. <\/p>\n<p>1stAmerican versendet in der Regel innerhalb von 3 Werktagen.<\/p>\n<p>Die Lieferungen erfolgen w\u00e4hrend der B\u00fcrozeiten von Montag bis Freitag.<br>Der Kurier wird an zwei aufeinanderfolgenden Tagen versuchen, die Bestellung zuzustellen. Nach zwei Zustellversuchen wird das Paket an unser Lager zur\u00fcckgeschickt. <\/p>\n<p>F\u00fcr die Provinzen Venedig und Messina betragen die Versandkosten f\u00fcr Bestellungen unter 150,00 \u20ac 25,00 \u20ac.<\/p>\n<p>Die Lieferzeiten und Versandkosten in Europa finden Sie auf der folgenden <a href=\"https:\/\/1stamerican.it\/wp-content\/uploads\/2025\/06\/Spedizioni-Europa.pdf\"><strong>Versandseite<\/strong><\/a>.<\/p>\n<p>Freier Versand f\u00fcr das Vereinigte K\u00f6nigreich f\u00fcr Bestellungen \u00fcber 250,00 \u20ac. Die Versandkosten f\u00fcr alle Bestellungen unter 250,00 \u20ac betragen 25,99 \u20ac (einschlie\u00dflich Steuern und Zollgeb\u00fchren). <\/p>\n<p>Kostenloser Versand f\u00fcr die Vereinigten Staaten und die Schweiz f\u00fcr Bestellungen \u00fcber 199,00 \u20ac. Die Versandkosten f\u00fcr alle Bestellungen unter 199,00 \u20ac betragen 60,00 \u20ac (einschlie\u00dflich Steuern und Zollgeb\u00fchren). <\/p>\n<h3><strong>Rhesus<\/strong><\/h3>\n<p>Wir bieten au\u00dferdem kostenlose R\u00fccksendungen und Umtausch in Europa, den USA und Gro\u00dfbritannien online und problemlos mit Prepaid-Etiketten an. Sie k\u00f6nnen jedes Produkt aus beliebigem Grund zur\u00fcckgeben, wenn es innerhalb von 14 Tagen ab dem Versanddatum der Bestellung gekauft wurde. <\/p>\n<p><strong>Wie kann ich eine R\u00fcckgabe vornehmen?<\/strong><\/p>\n<p><strong>1. KONTAKTIEREN SIE UNS<\/strong><\/p>\n<p>Kontaktieren Sie uns, indem Sie eine E-Mail mit Angabe der Bestellnummer an die E-Mail-Adresse senden: <strong><a href=\"mailto:shop@1stamerican.it\">shop@1stamerican.it<\/a><\/strong><\/p>\n<p><strong>2. BEREITEN SIE DAS PAKET VOR<\/strong><\/p>\n<p>Legen Sie die Artikel in denselben Karton, in dem Sie sie erhalten haben, f\u00fcllen Sie das R\u00fccksendeformular aus, das Sie als Antwort auf Ihre Anfrage erhalten, und verschlie\u00dfen Sie das Paket wieder. Sollte die Original-BOX nicht mehr verf\u00fcgbar sein, bitten wir Sie, eine neue, dicht verschlossene Verpackung zu verwenden. <\/p>\n<p><strong>3. \u00dcBERGEBEN SIE DAS PAKET AN DEN KURIER<\/strong><\/p>\n<p>Sie k\u00f6nnen das Paket mit unserem Kurier v\u00f6llig kostenlos oder mit einem Kurier Ihrer Wahl versenden. Wenn Sie sich f\u00fcr den Versand mit einem Kurier Ihrer Wahl entscheiden, weisen wir Sie darauf hin, dass die Kosten zu Ihren Lasten gehen und wir empfehlen eine r\u00fcckverfolgbare Sendung, im Falle einer nicht r\u00fcckverfolgbaren Sendung werden R\u00fccksendungen, die nicht in unserem Lager ankommen, nicht erstattet. <\/p>\n<p><strong>4. HOLEN SIE SICH CASHBACK<\/strong><\/p>\n<p>Sobald wir Ihre R\u00fccksendung erhalten und \u00fcberpr\u00fcft haben, erstatten wir Ihnen die zur\u00fcckgegebenen Artikel und der entsprechende Betrag wird Ihnen auf die gleiche Weise gutgeschrieben, wie Sie Ihre Bestellung aufgegeben haben.<\/p>\n<p>Alle Versandkosten im Zusammenhang mit aufgegebenen Bestellungen werden nicht erstattet.<\/p>\n<p>Sobald die R\u00fccksendung genehmigt wurde (die Artikel m\u00fcssen in einwandfreiem Zustand und mit den internen Etiketten und Etiketten versehen sein), erhalten Sie eine E-Mail mit der Best\u00e4tigung der R\u00fccksendebest\u00e4tigung, dass der Betrag innerhalb weniger Tage auf Ihr Konto \u00fcberwiesen wird.<br>Aus Sicherheitsgr\u00fcnden k\u00f6nnen wir keine R\u00fcckerstattung auf eine andere Karte als die des Kaufs vornehmen.<\/p>\n<p> <\/p>\n\n\t\t<\/div>\n\t\t\t\t\t<\/div>\n\n\t\n\n<\/div>\n\n\t\t<\/div>\n\n\t\t\n<style>\n#section_283287603 {\n  padding-top: 30px;\n  padding-bottom: 30px;\n}\n<\/style>\n\t<\/section>\n\t\n\n","protected":false},"excerpt":{"rendered":"","protected":false},"author":112,"featured_media":0,"parent":0,"menu_order":0,"comment_status":"closed","ping_status":"open","template":"","meta":{"footnotes":""},"class_list":["post-204009","page","type-page","status-publish","hentry"],"_links":{"self":[{"href":"https:\/\/1stamerican.it\/de\/wp-json\/wp\/v2\/pages\/204009","targetHints":{"allow":["GET"]}}],"collection":[{"href":"https:\/\/1stamerican.it\/de\/wp-json\/wp\/v2\/pages"}],"about":[{"href":"https:\/\/1stamerican.it\/de\/wp-json\/wp\/v2\/types\/page"}],"author":[{"embeddable":true,"href":"https:\/\/1stamerican.it\/de\/wp-json\/wp\/v2\/users\/112"}],"replies":[{"embeddable":true,"href":"https:\/\/1stamerican.it\/de\/wp-json\/wp\/v2\/comments?post=204009"}],"version-history":[{"count":6,"href":"https:\/\/1stamerican.it\/de\/wp-json\/wp\/v2\/pages\/204009\/revisions"}],"predecessor-version":[{"id":213093,"href":"https:\/\/1stamerican.it\/de\/wp-json\/wp\/v2\/pages\/204009\/revisions\/213093"}],"wp:attachment":[{"href":"https:\/\/1stamerican.it\/de\/wp-json\/wp\/v2\/media?parent=204009"}],"curies":[{"name":"wp","href":"https:\/\/api.w.org\/{rel}","templated":true}]}}