{"id":204001,"date":"2021-09-01T13:39:45","date_gmt":"2021-09-01T11:39:45","guid":{"rendered":"https:\/\/1stamerican.it\/bleiben-sie-mit-unserer-mailingliste-in-verbindung\/"},"modified":"2026-03-24T17:14:39","modified_gmt":"2026-03-24T16:14:39","slug":"bleiben-sie-mit-unserer-mailingliste-in-verbindung","status":"publish","type":"page","link":"https:\/\/1stamerican.it\/de\/bleiben-sie-mit-unserer-mailingliste-in-verbindung\/","title":{"rendered":"Bleiben Sie mit unserer Mailingliste in Verbindung"},"content":{"rendered":"\n<div class=\"row\"  id=\"row-1207329291\">\n\n\n\t<div id=\"col-1505449622\" class=\"col small-12 large-12\"  >\n\t\t\t\t<div class=\"col-inner\"  >\n\t\t\t\n\t\t\t\n\n\t<div class=\"img has-hover x md-x lg-x y md-y lg-y\" id=\"image_1531337429\">\n\t\t\t\t\t\t\t\t<div class=\"img-inner dark\" >\n\t\t\t<img loading=\"lazy\" decoding=\"async\" width=\"1280\" height=\"290\" src=\"https:\/\/1stamerican.it\/wp-content\/uploads\/2025\/06\/Copertina-Rimani-Connesso.png\" class=\"attachment-original size-original\" alt=\"\" srcset=\"https:\/\/1stamerican.it\/wp-content\/uploads\/2025\/06\/Copertina-Rimani-Connesso.png 1280w, https:\/\/1stamerican.it\/wp-content\/uploads\/2025\/06\/Copertina-Rimani-Connesso-800x181.png 800w, https:\/\/1stamerican.it\/wp-content\/uploads\/2025\/06\/Copertina-Rimani-Connesso-280x63.png 280w, https:\/\/1stamerican.it\/wp-content\/uploads\/2025\/06\/Copertina-Rimani-Connesso-768x174.png 768w, https:\/\/1stamerican.it\/wp-content\/uploads\/2025\/06\/Copertina-Rimani-Connesso-600x136.png 600w\" sizes=\"auto, (max-width: 1280px) 100vw, 1280px\" title=\"\">\t\t\t\t\t\t\n\t\t\t\t\t<\/div>\n\t\t\t\t\t\t\t\t\n<style>\n#image_1531337429 {\n  width: 100%;\n}\n<\/style>\n\t<\/div>\n\t\n\n\n\t\t<\/div>\n\t\t\t\t\t<\/div>\n\n\t\n\n<\/div>\n\n\n\n<h2 class=\"wp-block-heading has-text-align-center\"><\/h2>\n\n\n\n  \n  \n  <div class=\"\n    mailpoet_form_popup_overlay\n      \"><\/div>\n  <div\n    id=\"mailpoet_form_7\"\n    class=\"\n      mailpoet_form\n      mailpoet_form_shortcode\n      mailpoet_form_position_\n      mailpoet_form_animation_\n    \"\n      >\n\n    <style type=\"text\/css\">\n     #mailpoet_form_7 .mailpoet_form {  }\n#mailpoet_form_7 form { margin-bottom: 0; }\n#mailpoet_form_7 h1.mailpoet-heading { margin: 0 0 20px; }\n#mailpoet_form_7 p.mailpoet_form_paragraph.last { margin-bottom: 5px; }\n#mailpoet_form_7 .mailpoet_column_with_background { padding: 10px; }\n#mailpoet_form_7 .mailpoet_form_column:not(:first-child) { margin-left: 20px; }\n#mailpoet_form_7 .mailpoet_paragraph { line-height: 20px; margin-bottom: 20px; }\n#mailpoet_form_7 .mailpoet_segment_label, #mailpoet_form_7 .mailpoet_text_label, #mailpoet_form_7 .mailpoet_textarea_label, #mailpoet_form_7 .mailpoet_select_label, #mailpoet_form_7 .mailpoet_radio_label, #mailpoet_form_7 .mailpoet_checkbox_label, #mailpoet_form_7 .mailpoet_list_label, #mailpoet_form_7 .mailpoet_date_label { display: block; font-weight: normal; }\n#mailpoet_form_7 .mailpoet_text, #mailpoet_form_7 .mailpoet_textarea, #mailpoet_form_7 .mailpoet_select, #mailpoet_form_7 .mailpoet_date_month, #mailpoet_form_7 .mailpoet_date_day, #mailpoet_form_7 .mailpoet_date_year, #mailpoet_form_7 .mailpoet_date { display: block; }\n#mailpoet_form_7 .mailpoet_text, #mailpoet_form_7 .mailpoet_textarea { width: 200px; }\n#mailpoet_form_7 .mailpoet_checkbox {  }\n#mailpoet_form_7 .mailpoet_submit {  }\n#mailpoet_form_7 .mailpoet_divider {  }\n#mailpoet_form_7 .mailpoet_message {  }\n#mailpoet_form_7 .mailpoet_form_loading { width: 30px; text-align: center; line-height: normal; }\n#mailpoet_form_7 .mailpoet_form_loading > span { width: 5px; height: 5px; background-color: #5b5b5b; }#mailpoet_form_7{border-radius: 16px;background: #ffffff;color: #313131;text-align: left;}#mailpoet_form_7 form.mailpoet_form {padding: 16px;}#mailpoet_form_7{width: 100%;}#mailpoet_form_7 .mailpoet_message {margin: 0; padding: 0 20px;}\n        #mailpoet_form_7 .mailpoet_validate_success {color: #00d084}\n        #mailpoet_form_7 input.parsley-success {color: #00d084}\n        #mailpoet_form_7 select.parsley-success {color: #00d084}\n        #mailpoet_form_7 textarea.parsley-success {color: #00d084}\n      \n        #mailpoet_form_7 .mailpoet_validate_error {color: #cf2e2e}\n        #mailpoet_form_7 input.parsley-error {color: #cf2e2e}\n        #mailpoet_form_7 select.parsley-error {color: #cf2e2e}\n        #mailpoet_form_7 textarea.textarea.parsley-error {color: #cf2e2e}\n        #mailpoet_form_7 .parsley-errors-list {color: #cf2e2e}\n        #mailpoet_form_7 .parsley-required {color: #cf2e2e}\n        #mailpoet_form_7 .parsley-custom-error-message {color: #cf2e2e}\n      #mailpoet_form_7 .mailpoet_paragraph.last {margin-bottom: 0} @media (max-width: 500px) {#mailpoet_form_7 {background: #ffffff;}} @media (min-width: 500px) {#mailpoet_form_7 .last .mailpoet_paragraph:last-child {margin-bottom: 0}}  @media (max-width: 500px) {#mailpoet_form_7 .mailpoet_form_column:last-child .mailpoet_paragraph:last-child {margin-bottom: 0}} \n    <\/style>\n\n    <form\n      target=\"_self\"\n      method=\"post\"\n      action=\"https:\/\/1stamerican.it\/wp-admin\/admin-post.php?action=mailpoet_subscription_form\"\n      class=\"mailpoet_form mailpoet_form_form mailpoet_form_shortcode\"\n      novalidate\n      data-delay=\"\"\n      data-exit-intent-enabled=\"\"\n      data-trigger-mode=\"\"\n      data-click-trigger-selector=\"\"\n      data-font-family=\"\"\n      data-cookie-expiration-time=\"\"\n    >\n      <input type=\"hidden\" name=\"data[form_id]\" value=\"7\" \/>\n      <input type=\"hidden\" name=\"token\" value=\"7b6c5aade0\" \/>\n      <input type=\"hidden\" name=\"api_version\" value=\"v1\" \/>\n      <input type=\"hidden\" name=\"endpoint\" value=\"subscribers\" \/>\n      <input type=\"hidden\" name=\"mailpoet_method\" value=\"subscribe\" \/>\n\n      <label class=\"mailpoet_hp_email_label\" style=\"display: none !important;\">Bitte dieses Feld leer lassen<input type=\"email\" name=\"data[email]\"\/><\/label><div class='mailpoet_spacer mailpoet_has_divider' style='height: 1px;'><div class='mailpoet_divider' data-automation-id='form_divider' style='border-top-style: solid;border-top-width: 1px;border-top-color: black;height: 1px;width: 100%'><\/div><\/div>\n<h2 class=\"mailpoet-heading \" style=\"text-align: center\">WILLKOMMEN BEI 1STAMERICAN CASHMERE<\/h2>\n<p class=\"mailpoet_form_paragraph \" style=\"text-align: center\">Abonniere unseren Newsletter und erhalte 30% Rabatt auf deine erste Bestellung.<\/p>\n<div class=\"mailpoet_paragraph \"><style>input[name=\"data[form_field_NWJhYjI5Y2U3NmJhX2VtYWls]\"]::placeholder{color:#000000;opacity: 1;}<\/style><input type=\"email\" autocomplete=\"email\" class=\"mailpoet_text\" id=\"form_email_7\" name=\"data[form_field_NWJhYjI5Y2U3NmJhX2VtYWls]\" title=\"Deine email\" value=\"\" style=\"width:100%;box-sizing:border-box;background-color:#ffffff;border-style:solid;border-radius:0px !important;border-width:1px;border-color:#313131;padding:16px;margin: 0 auto 0 0;font-family:&#039;Montserrat&#039;;color:#000000;\" data-automation-id=\"form_email\"  placeholder=\"Deine email *\" aria-label=\"Deine email *\" data-parsley-errors-container=\".mailpoet_error_1yzyt\" data-parsley-required=\"true\" required aria-required=\"true\" data-parsley-minlength=\"6\" data-parsley-maxlength=\"150\" data-parsley-type-message=\"Dieser Wert sollte eine g\u00fcltige E-Mail-Adresse sein.\" data-parsley-required-message=\"Dieses Feld wird ben\u00f6tigt.\"\/><span class=\"mailpoet_error_1yzyt\"><\/span><\/div>\n<div class=\"mailpoet_recaptcha\" data-sitekey=\"6LdFqhEpAAAAAMAEUMJtSyDv6bcqAPrRCuin0G0O\" data-size=\"invisible\">\n      <div class=\"mailpoet_recaptcha_container\"><\/div>\n      <noscript>\n        <div>\n          <div class=\"mailpoet_recaptcha_noscript_container\">\n            <div>\n              <iframe src=\"https:\/\/www.google.com\/recaptcha\/api\/fallback?k=6LdFqhEpAAAAAMAEUMJtSyDv6bcqAPrRCuin0G0O\" frameborder=\"0\" scrolling=\"no\">\n              <\/iframe>\n            <\/div>\n          <\/div>\n          <div class=\"mailpoet_recaptcha_noscript_input\">\n            <textarea id=\"g-recaptcha-response\" name=\"data[recaptcha]\" class=\"g-recaptcha-response\">\n            <\/textarea>\n          <\/div>\n        <\/div>\n      <\/noscript>\n      <input class=\"mailpoet_recaptcha_field\" type=\"hidden\" name=\"recaptchaWidgetId\">\n    <\/div><div class=\"mailpoet_paragraph \"><input type=\"submit\" class=\"mailpoet_submit\" value=\"Anmelden\" data-automation-id=\"subscribe-submit-button\" data-font-family='Montserrat' style=\"width:100%;box-sizing:border-box;background-color:#181f2f;border-style:solid;border-radius:0px !important;border-width:0px;padding:16px;margin: 0 auto 0 0;font-family:&#039;Montserrat&#039;;font-size:NaN;line-height:1.5;height:auto;color:#d8d7da;border-color:transparent;\" \/><span class=\"mailpoet_form_loading\"><span class=\"mailpoet_bounce1\"><\/span><span class=\"mailpoet_bounce2\"><\/span><span class=\"mailpoet_bounce3\"><\/span><\/span><\/div>\n<p class=\"mailpoet_form_paragraph  mailpoet-has-font-size\" style=\"text-align: center; font-size: 13px; line-height: 1.5\">it der Anmeldung erkl\u00e4rst du dich mit unserer <strong><a href=\"https:\/\/1stamerican.it\/de\/datenschutz-und-cookies\/\" data-type=\"link\" data-id=\"https:\/\/1stamerican.it\/de\/datenschutz-und-cookies\/\">Datenschutzrichtlinie<\/a><\/strong> einverstanden.<\/p>\n\n      <div class=\"mailpoet_message\">\n        <p class=\"mailpoet_validate_success\"\n                style=\"display:none;\"\n                >\u00dcberpr\u00fcfe dein Postfach oder den Spam-Ordner, um deine Anmeldung zu best\u00e4tigen.\n        <\/p>\n        <p class=\"mailpoet_validate_error\"\n                style=\"display:none;\"\n                >        <\/p>\n      <\/div>\n    <\/form>\n\n      <\/div>\n\n  \n","protected":false},"excerpt":{"rendered":"","protected":false},"author":112,"featured_media":0,"parent":0,"menu_order":0,"comment_status":"closed","ping_status":"closed","template":"","meta":{"footnotes":""},"class_list":["post-204001","page","type-page","status-publish","hentry"],"_links":{"self":[{"href":"https:\/\/1stamerican.it\/de\/wp-json\/wp\/v2\/pages\/204001","targetHints":{"allow":["GET"]}}],"collection":[{"href":"https:\/\/1stamerican.it\/de\/wp-json\/wp\/v2\/pages"}],"about":[{"href":"https:\/\/1stamerican.it\/de\/wp-json\/wp\/v2\/types\/page"}],"author":[{"embeddable":true,"href":"https:\/\/1stamerican.it\/de\/wp-json\/wp\/v2\/users\/112"}],"replies":[{"embeddable":true,"href":"https:\/\/1stamerican.it\/de\/wp-json\/wp\/v2\/comments?post=204001"}],"version-history":[{"count":10,"href":"https:\/\/1stamerican.it\/de\/wp-json\/wp\/v2\/pages\/204001\/revisions"}],"predecessor-version":[{"id":214865,"href":"https:\/\/1stamerican.it\/de\/wp-json\/wp\/v2\/pages\/204001\/revisions\/214865"}],"wp:attachment":[{"href":"https:\/\/1stamerican.it\/de\/wp-json\/wp\/v2\/media?parent=204001"}],"curies":[{"name":"wp","href":"https:\/\/api.w.org\/{rel}","templated":true}]}}