{"id":203999,"date":"2019-02-11T15:15:05","date_gmt":"2019-02-11T14:15:05","guid":{"rendered":"https:\/\/1stamerican.it\/zahlung\/"},"modified":"2025-10-30T12:51:48","modified_gmt":"2025-10-30T11:51:48","slug":"zahlung","status":"publish","type":"page","link":"https:\/\/1stamerican.it\/de\/zahlung\/","title":{"rendered":"Zahlung"},"content":{"rendered":"\n\n\t<section class=\"section hide-for-medium\" id=\"section_109233007\">\n\t\t<div class=\"section-bg fill\" >\n\t\t\t\t\t\t\t\t\t\n\t\t\t\n\n\t\t<\/div>\n\n\t\t\n\n\t\t<div class=\"section-content relative\">\n\t\t\t\n\n<div class=\"row\"  id=\"row-1757015831\">\n\n\n\t<div id=\"col-1259025021\" class=\"col small-12 large-12\"  >\n\t\t\t\t<div class=\"col-inner\"  >\n\t\t\t\n\t\t\t\n\n<p style=\"text-align: left;\">Die Website bietet immer die beliebtesten und modernsten Zahlungen wie: PayPal, Visa, Visa Electron, Maestro, Klarna, Apple Pay.<\/p>\n<p style=\"text-align: left;\">Die \u00dcbertragung von Zahlungsinformationen erfolgt durch den h\u00f6chsten Sicherheitsstandard dank der Verwendung modernster Verschl\u00fcsselungssysteme (SSL SHA256): Dar\u00fcber hinaus werden Kreditkartendaten direkt auf den Seiten von Zahlungsgateways wie PayPal eingegeben. 1stAmerican verwendet nur sichere, verschl\u00fcsselte Verbindungen, wie von den meisten modernen Webbrowsern best\u00e4tigt wird. <\/p>\n<p style=\"text-align: left;\">Wenn Sie Probleme mit Ihrer Karte oder Zweifel haben, kontaktieren Sie uns per WhatsApp unter <a href=\"https:\/\/wa.me\/message\/26ODXLV275F5K1\" rel=\"nofollow noopener\" target=\"_blank\"><strong>+393334878069<\/strong><\/a> oder wenden Sie sich an den KUNDENDIENST Ihrer Karte.<\/p>\n\n\t\t<\/div>\n\t\t\t\t\t<\/div>\n\n\t\n\n<\/div>\n\n\t\t<\/div>\n\n\t\t\n<style>\n#section_109233007 {\n  padding-top: 70px;\n  padding-bottom: 70px;\n}\n<\/style>\n\t<\/section>\n\t\n\n\t<section class=\"section show-for-medium hide-for-small\" id=\"section_537614320\">\n\t\t<div class=\"section-bg fill\" >\n\t\t\t\t\t\t\t\t\t\n\t\t\t\n\n\t\t<\/div>\n\n\t\t\n\n\t\t<div class=\"section-content relative\">\n\t\t\t\n\n<div class=\"row\"  id=\"row-1687217509\">\n\n\n\t<div id=\"col-531680594\" class=\"col small-12 large-12\"  >\n\t\t\t\t<div class=\"col-inner\"  >\n\t\t\t\n\t\t\t\n\n<p>Die Website bietet immer die beliebtesten und modernsten Zahlungen wie: PayPal, Visa, Visa Electron, Maestro, Klarna, Apple Pay.<\/p>\n<p>Die \u00dcbertragung von Zahlungsinformationen erfolgt durch den h\u00f6chsten Sicherheitsstandard dank der Verwendung modernster Verschl\u00fcsselungssysteme (SSL SHA256): Dar\u00fcber hinaus werden Kreditkartendaten direkt auf den Seiten von Zahlungsgateways wie PayPal eingegeben. 1stAmerican verwendet nur sichere, verschl\u00fcsselte Verbindungen, wie von den meisten modernen Webbrowsern best\u00e4tigt wird. <\/p>\n<p>Wenn Sie Probleme mit Ihrer Karte oder Zweifel haben, kontaktieren Sie uns per WhatsApp unter <a href=\"https:\/\/wa.me\/message\/26ODXLV275F5K1\" rel=\"nofollow noopener\" target=\"_blank\"><strong>+393334878069<\/strong><\/a> oder wenden Sie sich an den KUNDENDIENST Ihrer Karte.<\/p>\n\n\t\t<\/div>\n\t\t\t\t\t<\/div>\n\n\t\n\n<\/div>\n\n\t\t<\/div>\n\n\t\t\n<style>\n#section_537614320 {\n  padding-top: 30px;\n  padding-bottom: 30px;\n}\n<\/style>\n\t<\/section>\n\t\n\n\t<section class=\"section show-for-small\" id=\"section_601272836\">\n\t\t<div class=\"section-bg fill\" >\n\t\t\t\t\t\t\t\t\t\n\t\t\t\n\n\t\t<\/div>\n\n\t\t\n\n\t\t<div class=\"section-content relative\">\n\t\t\t\n\n<div class=\"row\"  id=\"row-1552071433\">\n\n\n\t<div id=\"col-958213060\" class=\"col small-12 large-12\"  >\n\t\t\t\t<div class=\"col-inner\"  >\n\t\t\t\n\t\t\t\n\n<p style=\"text-align: left;\">Die Website bietet immer die beliebtesten und modernsten Zahlungen wie: PayPal, Visa, Visa Electron, Maestro, Klarna, Apple Pay.<\/p>\n<p style=\"text-align: left;\">Die \u00dcbertragung von Zahlungsinformationen erfolgt durch den h\u00f6chsten Sicherheitsstandard dank der Verwendung modernster Verschl\u00fcsselungssysteme (SSL SHA256): Dar\u00fcber hinaus werden Kreditkartendaten direkt auf den Seiten von Zahlungsgateways wie PayPal eingegeben. 1stAmerican verwendet nur sichere, verschl\u00fcsselte Verbindungen, wie von den meisten modernen Webbrowsern best\u00e4tigt wird. <\/p>\n<p style=\"text-align: left;\">Wenn Sie Probleme mit Ihrer Karte oder Zweifel haben, kontaktieren Sie uns per WhatsApp unter <a href=\"https:\/\/wa.me\/message\/26ODXLV275F5K1\" rel=\"nofollow noopener\" target=\"_blank\"><strong>+393334878069<\/strong><\/a> oder wenden Sie sich an den KUNDENDIENST Ihrer Karte.<\/p>\n\n\t\t<\/div>\n\t\t\t\t\t<\/div>\n\n\t\n\n<\/div>\n\n\t\t<\/div>\n\n\t\t\n<style>\n#section_601272836 {\n  padding-top: 30px;\n  padding-bottom: 30px;\n  margin-bottom: 0px;\n  min-height: 0px;\n}\n<\/style>\n\t<\/section>\n\t\n\n","protected":false},"excerpt":{"rendered":"","protected":false},"author":112,"featured_media":0,"parent":0,"menu_order":0,"comment_status":"closed","ping_status":"open","template":"","meta":{"footnotes":""},"class_list":["post-203999","page","type-page","status-publish","hentry"],"_links":{"self":[{"href":"https:\/\/1stamerican.it\/de\/wp-json\/wp\/v2\/pages\/203999","targetHints":{"allow":["GET"]}}],"collection":[{"href":"https:\/\/1stamerican.it\/de\/wp-json\/wp\/v2\/pages"}],"about":[{"href":"https:\/\/1stamerican.it\/de\/wp-json\/wp\/v2\/types\/page"}],"author":[{"embeddable":true,"href":"https:\/\/1stamerican.it\/de\/wp-json\/wp\/v2\/users\/112"}],"replies":[{"embeddable":true,"href":"https:\/\/1stamerican.it\/de\/wp-json\/wp\/v2\/comments?post=203999"}],"version-history":[{"count":1,"href":"https:\/\/1stamerican.it\/de\/wp-json\/wp\/v2\/pages\/203999\/revisions"}],"predecessor-version":[{"id":204000,"href":"https:\/\/1stamerican.it\/de\/wp-json\/wp\/v2\/pages\/203999\/revisions\/204000"}],"wp:attachment":[{"href":"https:\/\/1stamerican.it\/de\/wp-json\/wp\/v2\/media?parent=203999"}],"curies":[{"name":"wp","href":"https:\/\/api.w.org\/{rel}","templated":true}]}}